{"id":4554,"date":"2026-01-19T15:22:22","date_gmt":"2026-01-19T14:22:22","guid":{"rendered":"https:\/\/www.winconcept.ch\/?page_id=4554"},"modified":"2026-01-19T15:46:55","modified_gmt":"2026-01-19T14:46:55","slug":"visione","status":"publish","type":"page","link":"https:\/\/www.winconcept.ch\/it\/chi-siamo\/visione\/","title":{"rendered":"Visione"},"content":{"rendered":"\n<h1 class=\"wp-block-heading\"><strong>Vision<\/strong>e<\/h1>\n\n\n\n<p>Winconcept offre la massima <strong>indipendenza<\/strong>, una grande <strong>flessibilit\u00e0<\/strong> e<strong> l&#8217;offerta<\/strong> pi\u00f9 attraente per le farmacie indipendenti.<\/p>\n\n\n\n<div style=\"height:20px\" aria-hidden=\"true\" class=\"wp-block-spacer\"><\/div>\n\n\n\n<p><strong>Indipendenza:<\/strong><\/p>\n\n\n\n<ul class=\"wp-block-list\">\n<li>la farmacia non deve sottoporsi a un marchio<\/li>\n\n\n\n<li>la farmacia \u00e8 libera di scegliere il suo grossista<\/li>\n\n\n\n<li>la farmacia \u00e8 rafforzata nella propria regione con la propria immagine<\/li>\n\n\n\n<li>la farmacia pu\u00f2 scegliere liberamente i punti del programma annuale da effettuare<\/li>\n\n\n\n<li>la farmacia rimane libera nelle proprie decisioni<\/li>\n<\/ul>\n\n\n\n<div style=\"height:20px\" aria-hidden=\"true\" class=\"wp-block-spacer\"><\/div>\n\n\n\n<p><strong>Flessibilit\u00e0:<\/strong><\/p>\n\n\n\n<ul class=\"wp-block-list\">\n<li>Nel nostro modello di partenariato, la farmacia pu\u00f2 scegliere il pacchetto che meglio si adatta alle proprie esigenze<\/li>\n\n\n\n<li>La farmacia pu\u00f2 cambiare il pacchetto ogni anno<\/li>\n\n\n\n<li>la farmacia pu\u00f2 svolgere le proprie attivit\u00e0 di marketing e comunicazione (anniversari, concorsi, comunicazioni, ecc.) avvalendosi della consulenza di Winconcept<\/li>\n\n\n\n<li>la farmacia pu\u00f2 scegliere tra diverse offerte partner di cui ha bisogno<\/li>\n<\/ul>\n\n\n\n<div style=\"height:20px\" aria-hidden=\"true\" class=\"wp-block-spacer\"><\/div>\n\n\n\n<p><strong>Offerta:<\/strong><\/p>\n\n\n\n<ul class=\"wp-block-list\">\n<li>Condizioni di acquisto attrattive (piattaforma Kuko)<\/li>\n\n\n\n<li>Sostegno marketing (campagne mensili)<\/li>\n\n\n\n<li>Contributi di efficienza<\/li>\n\n\n\n<li>Contributi marketing (accordi con l\u2019industria, programma annuale)<\/li>\n\n\n\n<li>Prestazioni<\/li>\n\n\n\n<li>Rivista<\/li>\n<\/ul>\n","protected":false},"excerpt":{"rendered":"<p>Visione Winconcept offre la massima indipendenza, una grande flessibilit\u00e0 e l&#8217;offerta pi\u00f9 attraente per le farmacie indipendenti. Indipendenza: Flessibilit\u00e0: Offerta:<\/p>\n","protected":false},"author":367,"featured_media":0,"parent":4777,"menu_order":0,"comment_status":"closed","ping_status":"closed","template":"page-no-sidebar.php","meta":{"_acf_changed":false,"footnotes":""},"categories":[],"class_list":["post-4554","page","type-page","status-publish","hentry"],"acf":[],"_links":{"self":[{"href":"https:\/\/www.winconcept.ch\/wp-json\/wp\/v2\/pages\/4554","targetHints":{"allow":["GET"]}}],"collection":[{"href":"https:\/\/www.winconcept.ch\/wp-json\/wp\/v2\/pages"}],"about":[{"href":"https:\/\/www.winconcept.ch\/wp-json\/wp\/v2\/types\/page"}],"author":[{"embeddable":true,"href":"https:\/\/www.winconcept.ch\/wp-json\/wp\/v2\/users\/367"}],"replies":[{"embeddable":true,"href":"https:\/\/www.winconcept.ch\/wp-json\/wp\/v2\/comments?post=4554"}],"version-history":[{"count":4,"href":"https:\/\/www.winconcept.ch\/wp-json\/wp\/v2\/pages\/4554\/revisions"}],"predecessor-version":[{"id":4739,"href":"https:\/\/www.winconcept.ch\/wp-json\/wp\/v2\/pages\/4554\/revisions\/4739"}],"up":[{"embeddable":true,"href":"https:\/\/www.winconcept.ch\/wp-json\/wp\/v2\/pages\/4777"}],"wp:attachment":[{"href":"https:\/\/www.winconcept.ch\/wp-json\/wp\/v2\/media?parent=4554"}],"wp:term":[{"taxonomy":"category","embeddable":true,"href":"https:\/\/www.winconcept.ch\/wp-json\/wp\/v2\/categories?post=4554"}],"curies":[{"name":"wp","href":"https:\/\/api.w.org\/{rel}","templated":true}]}}