{"id":535,"date":"2017-09-15T18:09:55","date_gmt":"2017-09-15T16:09:55","guid":{"rendered":"http:\/\/winconcept.staging.joinbox.com\/a-propos-de-nous\/newsletter\/merci\/"},"modified":"2019-06-19T08:57:23","modified_gmt":"2019-06-19T06:57:23","slug":"merci","status":"publish","type":"page","link":"https:\/\/www.winconcept.ch\/fr\/a-propos-de-nous\/merci\/","title":{"rendered":"Merci"},"content":{"rendered":"<h1>Newsletter-Inscription<\/h1>\n<p>Votre inscription a \u00e9t\u00e9 valid\u00e9e.<br \/>\nVous recevrez notre newsletter \u00e0 partir de la prochaine \u00e9dition.<\/p>\n<p>Meilleures salutations<br \/>\nVotre \u00e9quipe en ligne<\/p>\n","protected":false},"excerpt":{"rendered":"<p>Newsletter-Inscription Votre inscription a \u00e9t\u00e9 valid\u00e9e. Vous recevrez notre newsletter \u00e0 partir de la prochaine \u00e9dition. Meilleures salutations Votre \u00e9quipe en ligne<\/p>\n","protected":false},"author":1,"featured_media":0,"parent":204,"menu_order":0,"comment_status":"closed","ping_status":"closed","template":"","meta":{"_acf_changed":false,"footnotes":""},"categories":[],"class_list":["post-535","page","type-page","status-publish","hentry"],"acf":[],"_links":{"self":[{"href":"https:\/\/www.winconcept.ch\/wp-json\/wp\/v2\/pages\/535","targetHints":{"allow":["GET"]}}],"collection":[{"href":"https:\/\/www.winconcept.ch\/wp-json\/wp\/v2\/pages"}],"about":[{"href":"https:\/\/www.winconcept.ch\/wp-json\/wp\/v2\/types\/page"}],"author":[{"embeddable":true,"href":"https:\/\/www.winconcept.ch\/wp-json\/wp\/v2\/users\/1"}],"replies":[{"embeddable":true,"href":"https:\/\/www.winconcept.ch\/wp-json\/wp\/v2\/comments?post=535"}],"version-history":[{"count":1,"href":"https:\/\/www.winconcept.ch\/wp-json\/wp\/v2\/pages\/535\/revisions"}],"predecessor-version":[{"id":1461,"href":"https:\/\/www.winconcept.ch\/wp-json\/wp\/v2\/pages\/535\/revisions\/1461"}],"up":[{"embeddable":true,"href":"https:\/\/www.winconcept.ch\/wp-json\/wp\/v2\/pages\/204"}],"wp:attachment":[{"href":"https:\/\/www.winconcept.ch\/wp-json\/wp\/v2\/media?parent=535"}],"wp:term":[{"taxonomy":"category","embeddable":true,"href":"https:\/\/www.winconcept.ch\/wp-json\/wp\/v2\/categories?post=535"}],"curies":[{"name":"wp","href":"https:\/\/api.w.org\/{rel}","templated":true}]}}