{"id":4927,"date":"2026-03-27T11:44:49","date_gmt":"2026-03-27T10:44:49","guid":{"rendered":"https:\/\/www.winconcept.ch\/?page_id=4927"},"modified":"2026-04-07T08:08:00","modified_gmt":"2026-04-07T06:08:00","slug":"rueckmeldung-erfolgreich","status":"publish","type":"page","link":"https:\/\/www.winconcept.ch\/fr\/jubile\/rueckmeldung-erfolgreich\/","title":{"rendered":"R\u00fcckmeldung erfolgreich"},"content":{"rendered":"\n<h2 class=\"wp-block-heading\">R\u00e9ponse \u00e0 la f\u00eate du jubil\u00e9 r\u00e9ussie<\/h2>\n\n\n\n<p>Merci beaucoup de vous \u00eatre inscrit(e) ou d\u00e9sinscrit(e) \u00e0 la f\u00eate d&rsquo;anniversaire ! <\/p>\n\n\n\n<h2 class=\"wp-block-heading\">Pour les participant(e)s<\/h2>\n\n\n\n<p>Nous nous r\u00e9jouissons&nbsp; de vous accueillir bient\u00f4t et de c\u00e9l\u00e9brer ensemble les 25 ans de Winconcept !\r\nVous recevrez toutes les informations compl\u00e9mentaires en temps voulu par e-mail.<\/p>\n\n\n\n<div class=\"wp-block-columns is-layout-flex wp-container-core-columns-is-layout-9d6595d7 wp-block-columns-is-layout-flex\">\n<div class=\"wp-block-column is-layout-flow wp-block-column-is-layout-flow\"><a href=\"https:\/\/www.winconcept.ch\/fr\/jubile\/\"\n   class=\"jb_button jb_button--primary\"\n   ><span>Vers la page du jubil\u00e9<\/span>\n<\/a>\n<\/div>\n\n\n\n<div class=\"wp-block-column is-layout-flow wp-block-column-is-layout-flow\"><a href=\"https:\/\/www.winconcept.ch\/fr\/\"\n   class=\"jb_button jb_button--primary\"\n   ><span>Vers la page d&rsquo;accueil<\/span>\n<\/a>\n<\/div>\n<\/div>\n\n\n\n<p><\/p>\n","protected":false},"excerpt":{"rendered":"<p>R\u00e9ponse \u00e0 la f\u00eate du jubil\u00e9 r\u00e9ussie Merci beaucoup de vous \u00eatre inscrit(e) ou d\u00e9sinscrit(e) \u00e0 la f\u00eate d&rsquo;anniversaire ! Pour les participant(e)s Nous nous r\u00e9jouissons&nbsp; de vous accueillir bient\u00f4t et de c\u00e9l\u00e9brer ensemble les 25 ans de Winconcept ! Vous recevrez toutes les informations compl\u00e9mentaires en temps voulu par e-mail.<\/p>\n","protected":false},"author":367,"featured_media":0,"parent":4595,"menu_order":0,"comment_status":"closed","ping_status":"closed","template":"","meta":{"_acf_changed":false,"footnotes":""},"categories":[],"class_list":["post-4927","page","type-page","status-publish","hentry"],"acf":[],"_links":{"self":[{"href":"https:\/\/www.winconcept.ch\/wp-json\/wp\/v2\/pages\/4927","targetHints":{"allow":["GET"]}}],"collection":[{"href":"https:\/\/www.winconcept.ch\/wp-json\/wp\/v2\/pages"}],"about":[{"href":"https:\/\/www.winconcept.ch\/wp-json\/wp\/v2\/types\/page"}],"author":[{"embeddable":true,"href":"https:\/\/www.winconcept.ch\/wp-json\/wp\/v2\/users\/367"}],"replies":[{"embeddable":true,"href":"https:\/\/www.winconcept.ch\/wp-json\/wp\/v2\/comments?post=4927"}],"version-history":[{"count":5,"href":"https:\/\/www.winconcept.ch\/wp-json\/wp\/v2\/pages\/4927\/revisions"}],"predecessor-version":[{"id":5006,"href":"https:\/\/www.winconcept.ch\/wp-json\/wp\/v2\/pages\/4927\/revisions\/5006"}],"up":[{"embeddable":true,"href":"https:\/\/www.winconcept.ch\/wp-json\/wp\/v2\/pages\/4595"}],"wp:attachment":[{"href":"https:\/\/www.winconcept.ch\/wp-json\/wp\/v2\/media?parent=4927"}],"wp:term":[{"taxonomy":"category","embeddable":true,"href":"https:\/\/www.winconcept.ch\/wp-json\/wp\/v2\/categories?post=4927"}],"curies":[{"name":"wp","href":"https:\/\/api.w.org\/{rel}","templated":true}]}}