{"id":4189,"date":"2024-04-19T10:56:47","date_gmt":"2024-04-19T08:56:47","guid":{"rendered":"https:\/\/www.winconcept.ch\/?page_id=4189"},"modified":"2025-04-03T08:09:24","modified_gmt":"2025-04-03T06:09:24","slug":"evenements-partenaires","status":"publish","type":"page","link":"https:\/\/www.winconcept.ch\/fr\/evenements-partenaires\/","title":{"rendered":"Ev\u00e9nements partenaires"},"content":{"rendered":"\n<figure class=\"wp-block-image size-large size-full alignwide no-margin-top\"><img loading=\"lazy\" decoding=\"async\" width=\"1024\" height=\"384\" src=\"https:\/\/www.winconcept.ch\/wp-content\/uploads\/2025\/03\/WCO-25-02_Partnerevents_WCH-TI_Banner_fr-1024x384.jpg\" alt=\"\" class=\"wp-image-4365\" srcset=\"https:\/\/www.winconcept.ch\/wp-content\/uploads\/2025\/03\/WCO-25-02_Partnerevents_WCH-TI_Banner_fr-1024x384.jpg 1024w, https:\/\/www.winconcept.ch\/wp-content\/uploads\/2025\/03\/WCO-25-02_Partnerevents_WCH-TI_Banner_fr-300x113.jpg 300w, https:\/\/www.winconcept.ch\/wp-content\/uploads\/2025\/03\/WCO-25-02_Partnerevents_WCH-TI_Banner_fr-768x288.jpg 768w, https:\/\/www.winconcept.ch\/wp-content\/uploads\/2025\/03\/WCO-25-02_Partnerevents_WCH-TI_Banner_fr-1536x576.jpg 1536w, https:\/\/www.winconcept.ch\/wp-content\/uploads\/2025\/03\/WCO-25-02_Partnerevents_WCH-TI_Banner_fr-2048x768.jpg 2048w\" sizes=\"auto, (max-width: 1024px) 100vw, 1024px\" \/><\/figure>\n\n\n\n<div style=\"height:20px\" aria-hidden=\"true\" class=\"wp-block-spacer\"><\/div>\n\n\n\n<h1 class=\"wp-block-heading has-text-align-center\">Invitation \u00e0 l&rsquo;\u00c9v\u00e9nement Partenaires<\/h1>\n\n\n\n<div style=\"height:20px\" aria-hidden=\"true\" class=\"wp-block-spacer\"><\/div>\n\n\n\n<div class=\"wp-block-group schmale-spalte\"><div class=\"wp-block-group__inner-container is-layout-flow wp-block-group-is-layout-flow\">\n<p>Nous avons le plaisir de vous inviter cordialement \u00e0 notre \u00e9v\u00e9nement partenaires. Comme chaque ann\u00e9e, nous vous convions \u00e0 un d\u00eener convivial, propice aux \u00e9changes et \u00e0 la collaboration dans une ambiance d\u00e9tendue.<\/p>\n\n\n\n<p>Nous serions ravis de vous compter parmi les participants (g\u00e9rant, propri\u00e9taire, pharmacien) \u00e0 l&rsquo;\u00e9v\u00e9nement de votre choix. Veuillez-vous inscrire rapidement afin de garantir votre place.<\/p>\n\n\n\n<p>Veuillez vous inscrire <strong>jusque au 31 juillet 2025<\/strong> pour r\u00e9server votre place.<\/p>\n\n\n\n<p>Des informations d\u00e9taill\u00e9es sur le lieu vous seront communiqu\u00e9es ult\u00e9rieurement.&nbsp;<\/p>\n\n\n\n<div style=\"height:30px\" aria-hidden=\"true\" class=\"wp-block-spacer\"><\/div>\n\n\n\n<h2 class=\"wp-block-heading\">Formulaire d&rsquo;inscription \u00e0 l&rsquo;\u00e9v\u00e9nement partenaires<\/h2>\n\n\n<script type=\"text\/javascript\">var gform;gform||(document.addEventListener(\"gform_main_scripts_loaded\",function(){gform.scriptsLoaded=!0}),window.addEventListener(\"DOMContentLoaded\",function(){gform.domLoaded=!0}),gform={domLoaded:!1,scriptsLoaded:!1,initializeOnLoaded:function(o){gform.domLoaded&&gform.scriptsLoaded?o():!gform.domLoaded&&gform.scriptsLoaded?window.addEventListener(\"DOMContentLoaded\",o):document.addEventListener(\"gform_main_scripts_loaded\",o)},hooks:{action:{},filter:{}},addAction:function(o,n,r,t){gform.addHook(\"action\",o,n,r,t)},addFilter:function(o,n,r,t){gform.addHook(\"filter\",o,n,r,t)},doAction:function(o){gform.doHook(\"action\",o,arguments)},applyFilters:function(o){return gform.doHook(\"filter\",o,arguments)},removeAction:function(o,n){gform.removeHook(\"action\",o,n)},removeFilter:function(o,n,r){gform.removeHook(\"filter\",o,n,r)},addHook:function(o,n,r,t,i){null==gform.hooks[o][n]&&(gform.hooks[o][n]=[]);var e=gform.hooks[o][n];null==i&&(i=n+\"_\"+e.length),gform.hooks[o][n].push({tag:i,callable:r,priority:t=null==t?10:t})},doHook:function(n,o,r){var t;if(r=Array.prototype.slice.call(r,1),null!=gform.hooks[n][o]&&((o=gform.hooks[n][o]).sort(function(o,n){return o.priority-n.priority}),o.forEach(function(o){\"function\"!=typeof(t=o.callable)&&(t=window[t]),\"action\"==n?t.apply(null,r):r[0]=t.apply(null,r)})),\"filter\"==n)return r[0]},removeHook:function(o,n,t,i){var r;null!=gform.hooks[o][n]&&(r=(r=gform.hooks[o][n]).filter(function(o,n,r){return!!(null!=i&&i!=o.tag||null!=t&&t!=o.priority)}),gform.hooks[o][n]=r)}});<\/script>\n                <div class='gf_browser_gecko gform_wrapper gform_legacy_markup_wrapper gform-theme--no-framework' data-form-theme='legacy' data-form-index='0' id='gform_wrapper_28' ><style>#gform_wrapper_28[data-form-index=\"0\"].gform-theme,[data-parent-form=\"28_0\"]{--gf-color-primary: #204ce5;--gf-color-primary-rgb: 32, 76, 229;--gf-color-primary-contrast: #fff;--gf-color-primary-contrast-rgb: 255, 255, 255;--gf-color-primary-darker: #001AB3;--gf-color-primary-lighter: #527EFF;--gf-color-secondary: #fff;--gf-color-secondary-rgb: 255, 255, 255;--gf-color-secondary-contrast: #112337;--gf-color-secondary-contrast-rgb: 17, 35, 55;--gf-color-secondary-darker: #F5F5F5;--gf-color-secondary-lighter: #FFFFFF;--gf-color-out-ctrl-light: rgba(17, 35, 55, 0.1);--gf-color-out-ctrl-light-rgb: 17, 35, 55;--gf-color-out-ctrl-light-darker: rgba(104, 110, 119, 0.35);--gf-color-out-ctrl-light-lighter: #F5F5F5;--gf-color-out-ctrl-dark: #585e6a;--gf-color-out-ctrl-dark-rgb: 88, 94, 106;--gf-color-out-ctrl-dark-darker: #112337;--gf-color-out-ctrl-dark-lighter: rgba(17, 35, 55, 0.65);--gf-color-in-ctrl: #fff;--gf-color-in-ctrl-rgb: 255, 255, 255;--gf-color-in-ctrl-contrast: #112337;--gf-color-in-ctrl-contrast-rgb: 17, 35, 55;--gf-color-in-ctrl-darker: #F5F5F5;--gf-color-in-ctrl-lighter: #FFFFFF;--gf-color-in-ctrl-primary: #204ce5;--gf-color-in-ctrl-primary-rgb: 32, 76, 229;--gf-color-in-ctrl-primary-contrast: #fff;--gf-color-in-ctrl-primary-contrast-rgb: 255, 255, 255;--gf-color-in-ctrl-primary-darker: #001AB3;--gf-color-in-ctrl-primary-lighter: #527EFF;--gf-color-in-ctrl-light: rgba(17, 35, 55, 0.1);--gf-color-in-ctrl-light-rgb: 17, 35, 55;--gf-color-in-ctrl-light-darker: rgba(104, 110, 119, 0.35);--gf-color-in-ctrl-light-lighter: #F5F5F5;--gf-color-in-ctrl-dark: #585e6a;--gf-color-in-ctrl-dark-rgb: 88, 94, 106;--gf-color-in-ctrl-dark-darker: #112337;--gf-color-in-ctrl-dark-lighter: rgba(17, 35, 55, 0.65);--gf-radius: 3px;--gf-font-size-secondary: 14px;--gf-font-size-tertiary: 13px;--gf-icon-ctrl-number: url(\"data:image\/svg+xml,%3Csvg width='8' height='14' viewBox='0 0 8 14' fill='none' xmlns='http:\/\/www.w3.org\/2000\/svg'%3E%3Cpath fill-rule='evenodd' clip-rule='evenodd' d='M4 0C4.26522 5.96046e-08 4.51957 0.105357 4.70711 0.292893L7.70711 3.29289C8.09763 3.68342 8.09763 4.31658 7.70711 4.70711C7.31658 5.09763 6.68342 5.09763 6.29289 4.70711L4 2.41421L1.70711 4.70711C1.31658 5.09763 0.683417 5.09763 0.292893 4.70711C-0.0976311 4.31658 -0.097631 3.68342 0.292893 3.29289L3.29289 0.292893C3.48043 0.105357 3.73478 0 4 0ZM0.292893 9.29289C0.683417 8.90237 1.31658 8.90237 1.70711 9.29289L4 11.5858L6.29289 9.29289C6.68342 8.90237 7.31658 8.90237 7.70711 9.29289C8.09763 9.68342 8.09763 10.3166 7.70711 10.7071L4.70711 13.7071C4.31658 14.0976 3.68342 14.0976 3.29289 13.7071L0.292893 10.7071C-0.0976311 10.3166 -0.0976311 9.68342 0.292893 9.29289Z' fill='rgba(17, 35, 55, 0.65)'\/%3E%3C\/svg%3E\");--gf-icon-ctrl-select: url(\"data:image\/svg+xml,%3Csvg width='10' height='6' viewBox='0 0 10 6' fill='none' xmlns='http:\/\/www.w3.org\/2000\/svg'%3E%3Cpath fill-rule='evenodd' clip-rule='evenodd' d='M0.292893 0.292893C0.683417 -0.097631 1.31658 -0.097631 1.70711 0.292893L5 3.58579L8.29289 0.292893C8.68342 -0.0976311 9.31658 -0.0976311 9.70711 0.292893C10.0976 0.683417 10.0976 1.31658 9.70711 1.70711L5.70711 5.70711C5.31658 6.09763 4.68342 6.09763 4.29289 5.70711L0.292893 1.70711C-0.0976311 1.31658 -0.0976311 0.683418 0.292893 0.292893Z' fill='rgba(17, 35, 55, 0.65)'\/%3E%3C\/svg%3E\");--gf-icon-ctrl-search: url(\"data:image\/svg+xml,%3Csvg version='1.1' xmlns='http:\/\/www.w3.org\/2000\/svg' width='640' height='640'%3E%3Cpath d='M256 128c-70.692 0-128 57.308-128 128 0 70.691 57.308 128 128 128 70.691 0 128-57.309 128-128 0-70.692-57.309-128-128-128zM64 256c0-106.039 85.961-192 192-192s192 85.961 192 192c0 41.466-13.146 79.863-35.498 111.248l154.125 154.125c12.496 12.496 12.496 32.758 0 45.254s-32.758 12.496-45.254 0L367.248 412.502C335.862 434.854 297.467 448 256 448c-106.039 0-192-85.962-192-192z' fill='rgba(17, 35, 55, 0.65)'\/%3E%3C\/svg%3E\");--gf-label-space-y-secondary: var(--gf-label-space-y-md-secondary);--gf-ctrl-border-color: #686e77;--gf-ctrl-size: var(--gf-ctrl-size-md);--gf-ctrl-label-color-primary: #112337;--gf-ctrl-label-color-secondary: #112337;--gf-ctrl-choice-size: var(--gf-ctrl-choice-size-md);--gf-ctrl-checkbox-check-size: var(--gf-ctrl-checkbox-check-size-md);--gf-ctrl-radio-check-size: var(--gf-ctrl-radio-check-size-md);--gf-ctrl-btn-font-size: var(--gf-ctrl-btn-font-size-md);--gf-ctrl-btn-padding-x: var(--gf-ctrl-btn-padding-x-md);--gf-ctrl-btn-size: var(--gf-ctrl-btn-size-md);--gf-ctrl-btn-border-color-secondary: #686e77;--gf-ctrl-file-btn-bg-color-hover: #EBEBEB;--gf-field-pg-steps-number-color: rgba(17, 35, 55, 0.8);}<\/style><div id='gf_28' class='gform_anchor' tabindex='-1'><\/div>\n                        <div class='gform_heading'>\n                            <p class='gform_description'><\/p>\n                        <\/div><form method='post' enctype='multipart\/form-data'  id='gform_28'  action='\/fr\/wp-json\/wp\/v2\/pages\/4189#gf_28' data-formid='28' novalidate>\n                        <div class='gform-body gform_body'><ul id='gform_fields_28' class='gform_fields top_label form_sublabel_below description_below validation_below'><li id=\"field_28_18\" class=\"gfield gfield--type-radio gfield--type-choice gfield--input-type-radio gfield--width-full field_sublabel_below gfield--no-description field_description_below field_validation_below gfield_visibility_visible\"  data-js-reload=\"field_28_18\" ><label class='gfield_label gform-field-label' >Je m&#039;inscris \u00e0 l&#039;\u00e9v\u00e9nement suivant:<\/label><div class='ginput_container ginput_container_radio'><ul class='gfield_radio' id='input_28_18'>\n\t\t\t<li class='gchoice gchoice_28_18_0'>\n\t\t\t\t<input name='input_18' type='radio' value='04.09.2025 \u00e0 Gen\u00e8ve'  id='choice_28_18_0'    \/>\n\t\t\t\t<label for='choice_28_18_0' id='label_28_18_0' class='gform-field-label gform-field-label--type-inline'>04.09.2025 \u00e0 Gen\u00e8ve<\/label>\n\t\t\t<\/li>\n\t\t\t<li class='gchoice gchoice_28_18_1'>\n\t\t\t\t<input name='input_18' type='radio' value='09.09.2025 \u00e0 Neuch\u00e2tel'  id='choice_28_18_1'    \/>\n\t\t\t\t<label for='choice_28_18_1' id='label_28_18_1' class='gform-field-label gform-field-label--type-inline'>09.09.2025 \u00e0 Neuch\u00e2tel<\/label>\n\t\t\t<\/li>\n\t\t\t<li class='gchoice gchoice_28_18_2'>\n\t\t\t\t<input name='input_18' type='radio' value='01.10.2025 \u00e0 Jongny'  id='choice_28_18_2'    \/>\n\t\t\t\t<label for='choice_28_18_2' id='label_28_18_2' class='gform-field-label gform-field-label--type-inline'>01.10.2025 \u00e0 Jongny<\/label>\n\t\t\t<\/li><\/ul><\/div><\/li><li id=\"field_28_1\" class=\"gfield gfield--type-name gfield--input-type-name gfield_contains_required field_sublabel_below gfield--no-description field_description_below field_validation_below gfield_visibility_visible\"  data-js-reload=\"field_28_1\" ><label class='gfield_label gform-field-label gfield_label_before_complex' >Donn\u00e9es personnelles<span class=\"gfield_required\"><span class=\"gfield_required gfield_required_asterisk\">*<\/span><\/span><\/label><div class='ginput_complex ginput_container ginput_container--name no_prefix has_first_name no_middle_name has_last_name no_suffix gf_name_has_2 ginput_container_name gform-grid-row' id='input_28_1'>\n                            \n                            <span id='input_28_1_3_container' class='name_first gform-grid-col gform-grid-col--size-auto' >\n                                                    <input type='text' name='input_1.3' id='input_28_1_3' value=''   aria-required='true'     \/>\n                                                    <label for='input_28_1_3' class='gform-field-label gform-field-label--type-sub '>Pr\u00e9nom<\/label>\n                                                <\/span>\n                            \n                            <span id='input_28_1_6_container' class='name_last gform-grid-col gform-grid-col--size-auto' >\n                                                    <input type='text' name='input_1.6' id='input_28_1_6' value=''   aria-required='true'     \/>\n                                                    <label for='input_28_1_6' class='gform-field-label gform-field-label--type-sub '>Nom<\/label>\n                                                <\/span>\n                            \n                        <\/div><\/li><li id=\"field_28_2\" class=\"gfield gfield--type-email gfield--input-type-email gfield--width-full gfield_contains_required field_sublabel_below gfield--no-description field_description_below field_validation_below gfield_visibility_visible\"  data-js-reload=\"field_28_2\" ><label class='gfield_label gform-field-label' for='input_28_2'>E-Mail<span class=\"gfield_required\"><span class=\"gfield_required gfield_required_asterisk\">*<\/span><\/span><\/label><div class='ginput_container ginput_container_email'>\n                            <input name='input_2' id='input_28_2' type='email' value='' class='medium'    aria-required=\"true\" aria-invalid=\"false\"  \/>\n                        <\/div><\/li><li id=\"field_28_13\" class=\"gfield gfield--type-number gfield--input-type-number gfield--width-full gfield_contains_required field_sublabel_below gfield--has-description field_description_above field_validation_below gfield_visibility_visible\"  data-js-reload=\"field_28_13\" ><label class='gfield_label gform-field-label' for='input_28_13'>Votre num\u00e9ro de portable (Exemple : 079\u2026.)<span class=\"gfield_required\"><span class=\"gfield_required gfield_required_asterisk\">*<\/span><\/span><\/label><div class='gfield_description' id='gfield_description_28_13'>Pour que nous puissions vous contacter dans les plus brefs d\u00e9lais. Utilis\u00e9 uniquement dans le cadre des \u00e9v\u00e9nements partenaires, uniquement si n\u00e9cessaire.<\/div><div class='ginput_container ginput_container_number'><input name='input_13' id='input_28_13' type='number' step='any'   value='' class='large'     aria-required=\"true\" aria-invalid=\"false\" aria-describedby=\"gfield_description_28_13\" \/><\/div><\/li><li id=\"field_28_3\" class=\"gfield gfield--type-text gfield--input-type-text gfield--width-full gfield_contains_required field_sublabel_below gfield--no-description field_description_below field_validation_below gfield_visibility_visible\"  data-js-reload=\"field_28_3\" ><label class='gfield_label gform-field-label' for='input_28_3'>Pharmacie<span class=\"gfield_required\"><span class=\"gfield_required gfield_required_asterisk\">*<\/span><\/span><\/label><div class='ginput_container ginput_container_text'><input name='input_3' id='input_28_3' type='text' value='' class='medium'     aria-required=\"true\" aria-invalid=\"false\"   \/> <\/div><\/li><\/ul><\/div>\n        <div class='gform_footer top_label'> <input type='submit' id='gform_submit_button_28' class='gform_button button' value='Inscrivez-vous maintenant'  onclick='if(window[\"gf_submitting_28\"]){return false;}  if( !jQuery(\"#gform_28\")[0].checkValidity || jQuery(\"#gform_28\")[0].checkValidity()){window[\"gf_submitting_28\"]=true;}  ' onkeypress='if( event.keyCode == 13 ){ if(window[\"gf_submitting_28\"]){return false;} if( !jQuery(\"#gform_28\")[0].checkValidity || jQuery(\"#gform_28\")[0].checkValidity()){window[\"gf_submitting_28\"]=true;}  jQuery(\"#gform_28\").trigger(\"submit\",[true]); }' \/> \n            <input type='hidden' class='gform_hidden' name='is_submit_28' value='1' \/>\n            <input type='hidden' class='gform_hidden' name='gform_submit' value='28' \/>\n            \n            <input type='hidden' class='gform_hidden' name='gform_unique_id' value='' \/>\n            <input type='hidden' class='gform_hidden' name='state_28' value='WyJ7XCIxOFwiOltcIjg0OWQ5Njg3YThmZTgwYzY3ZWEyMWRiZGM4ZDdhMzY1XCIsXCI1NTRlZGE2Mzg4ODJjYTVlMjUzNzZlNDQ1YWNjM2ZiMFwiLFwiYTkxOWNiMjQ2ZGZkYjY1ZTFiMzcyMTYxYTBkZWJkYzZcIl19IiwiODQ5ZjUyZGE4NDQ4NzM4MGYxNWVlOGY5NWEzZDM0YjkiXQ==' \/>\n            <input type='hidden' class='gform_hidden' name='gform_target_page_number_28' id='gform_target_page_number_28' value='0' \/>\n            <input type='hidden' class='gform_hidden' name='gform_source_page_number_28' id='gform_source_page_number_28' value='1' \/>\n            <input type='hidden' name='gform_field_values' value='' \/>\n            \n        <\/div>\n                        <\/form>\n                        <\/div><script type=\"text\/javascript\">\n\/* <![CDATA[ *\/\n gform.initializeOnLoaded( function() {gformInitSpinner( 28, 'https:\/\/www.winconcept.ch\/wp-content\/plugins\/gravityforms\/images\/spinner.svg', true );jQuery('#gform_ajax_frame_28').on('load',function(){var contents = jQuery(this).contents().find('*').html();var is_postback = contents.indexOf('GF_AJAX_POSTBACK') >= 0;if(!is_postback){return;}var form_content = jQuery(this).contents().find('#gform_wrapper_28');var is_confirmation = jQuery(this).contents().find('#gform_confirmation_wrapper_28').length > 0;var is_redirect = contents.indexOf('gformRedirect(){') >= 0;var is_form = form_content.length > 0 && ! is_redirect && ! is_confirmation;var mt = parseInt(jQuery('html').css('margin-top'), 10) + parseInt(jQuery('body').css('margin-top'), 10) + 100;if(is_form){jQuery('#gform_wrapper_28').html(form_content.html());if(form_content.hasClass('gform_validation_error')){jQuery('#gform_wrapper_28').addClass('gform_validation_error');} else {jQuery('#gform_wrapper_28').removeClass('gform_validation_error');}setTimeout( function() { \/* delay the scroll by 50 milliseconds to fix a bug in chrome *\/ jQuery(document).scrollTop(jQuery('#gform_wrapper_28').offset().top - mt); }, 50 );if(window['gformInitDatepicker']) {gformInitDatepicker();}if(window['gformInitPriceFields']) {gformInitPriceFields();}var current_page = jQuery('#gform_source_page_number_28').val();gformInitSpinner( 28, 'https:\/\/www.winconcept.ch\/wp-content\/plugins\/gravityforms\/images\/spinner.svg', true );jQuery(document).trigger('gform_page_loaded', [28, current_page]);window['gf_submitting_28'] = false;}else if(!is_redirect){var confirmation_content = jQuery(this).contents().find('.GF_AJAX_POSTBACK').html();if(!confirmation_content){confirmation_content = contents;}jQuery('#gform_wrapper_28').replaceWith(confirmation_content);jQuery(document).scrollTop(jQuery('#gf_28').offset().top - mt);jQuery(document).trigger('gform_confirmation_loaded', [28]);window['gf_submitting_28'] = false;wp.a11y.speak(jQuery('#gform_confirmation_message_28').text());}else{jQuery('#gform_28').append(contents);if(window['gformRedirect']) {gformRedirect();}}jQuery(document).trigger(\"gform_pre_post_render\", [{ formId: \"28\", currentPage: \"current_page\", abort: function() { this.preventDefault(); } }]);                if (event && event.defaultPrevented) {                return;         }        const gformWrapperDiv = document.getElementById( \"gform_wrapper_28\" );        if ( gformWrapperDiv ) {            const visibilitySpan = document.createElement( \"span\" );            visibilitySpan.id = \"gform_visibility_test_28\";            gformWrapperDiv.insertAdjacentElement( \"afterend\", visibilitySpan );        }        const visibilityTestDiv = document.getElementById( \"gform_visibility_test_28\" );        let postRenderFired = false;                function triggerPostRender() {            if ( postRenderFired ) {                return;            }            postRenderFired = true;            jQuery( document ).trigger( 'gform_post_render', [28, current_page] );            gform.utils.trigger( { event: 'gform\/postRender', native: false, data: { formId: 28, currentPage: current_page } } );            if ( visibilityTestDiv ) {                visibilityTestDiv.parentNode.removeChild( visibilityTestDiv );            }        }        function debounce( func, wait, immediate ) {            var timeout;            return function() {                var context = this, args = arguments;                var later = function() {                    timeout = null;                    if ( !immediate ) func.apply( context, args );                };                var callNow = immediate && !timeout;                clearTimeout( timeout );                timeout = setTimeout( later, wait );                if ( callNow ) func.apply( context, args );            };        }        const debouncedTriggerPostRender = debounce( function() {            triggerPostRender();        }, 200 );        if ( visibilityTestDiv && visibilityTestDiv.offsetParent === null ) {            const observer = new MutationObserver( ( mutations ) => {                mutations.forEach( ( mutation ) => {                    if ( mutation.type === 'attributes' && visibilityTestDiv.offsetParent !== null ) {                        debouncedTriggerPostRender();                        observer.disconnect();                    }                });            });            observer.observe( document.body, {                attributes: true,                childList: false,                subtree: true,                attributeFilter: [ 'style', 'class' ],            });        } else {            triggerPostRender();        }    } );} ); \n\/* ]]> *\/\n<\/script>\n<\/div><\/div>\n","protected":false},"excerpt":{"rendered":"<p>Invitation \u00e0 l&rsquo;\u00c9v\u00e9nement Partenaires Nous avons le plaisir de vous inviter cordialement \u00e0 notre \u00e9v\u00e9nement partenaires. Comme chaque ann\u00e9e, nous vous convions \u00e0 un d\u00eener convivial, propice aux \u00e9changes et \u00e0 la collaboration dans une ambiance d\u00e9tendue. Nous serions ravis de vous compter parmi les participants (g\u00e9rant, propri\u00e9taire, pharmacien) \u00e0 l&rsquo;\u00e9v\u00e9nement de votre choix. Veuillez-vous [&hellip;]<\/p>\n","protected":false},"author":288,"featured_media":0,"parent":0,"menu_order":0,"comment_status":"closed","ping_status":"closed","template":"page-no-sidebar.php","meta":{"_acf_changed":false,"footnotes":""},"categories":[],"class_list":["post-4189","page","type-page","status-publish","hentry"],"acf":[],"_links":{"self":[{"href":"https:\/\/www.winconcept.ch\/wp-json\/wp\/v2\/pages\/4189","targetHints":{"allow":["GET"]}}],"collection":[{"href":"https:\/\/www.winconcept.ch\/wp-json\/wp\/v2\/pages"}],"about":[{"href":"https:\/\/www.winconcept.ch\/wp-json\/wp\/v2\/types\/page"}],"author":[{"embeddable":true,"href":"https:\/\/www.winconcept.ch\/wp-json\/wp\/v2\/users\/288"}],"replies":[{"embeddable":true,"href":"https:\/\/www.winconcept.ch\/wp-json\/wp\/v2\/comments?post=4189"}],"version-history":[{"count":8,"href":"https:\/\/www.winconcept.ch\/wp-json\/wp\/v2\/pages\/4189\/revisions"}],"predecessor-version":[{"id":4397,"href":"https:\/\/www.winconcept.ch\/wp-json\/wp\/v2\/pages\/4189\/revisions\/4397"}],"wp:attachment":[{"href":"https:\/\/www.winconcept.ch\/wp-json\/wp\/v2\/media?parent=4189"}],"wp:term":[{"taxonomy":"category","embeddable":true,"href":"https:\/\/www.winconcept.ch\/wp-json\/wp\/v2\/categories?post=4189"}],"curies":[{"name":"wp","href":"https:\/\/api.w.org\/{rel}","templated":true}]}}