{"id":366,"date":"2017-08-14T15:56:07","date_gmt":"2017-08-14T13:56:07","guid":{"rendered":"http:\/\/winconcept.staging.joinbox.com\/partenariat\/campagnes-promotions\/"},"modified":"2018-02-27T18:01:43","modified_gmt":"2018-02-27T17:01:43","slug":"campagnes-promotions","status":"publish","type":"page","link":"https:\/\/www.winconcept.ch\/fr\/partenariat\/campagnes-promotions\/","title":{"rendered":"Campagnes &#038; promotions"},"content":{"rendered":"<h1>Campagnes &amp; promotions<\/h1>\n<h2>Activit\u00e9s marketing sur le point de vente<\/h2>\n<p>Nos campagnes de promotion incitent le client \u00e0 d\u00e9couvrir des offres int\u00e9ressantes et \u00e0 effectuer des achats spontan\u00e9s au point de vente.\u00a0Chaque mois, nous organisons pour nos pharmacies partenaires un nouveau<strong> choix de produits attrayants qui sont vendus tout sp\u00e9cialement dans la vitrine, dans le magazine clients, sur les pr\u00e9sentoirs de comptoir, au sol et de trottoir.\u00a0<\/strong>Chaque\u00a0campagne se distingue par un haut niveau d\u2019int\u00e9gration des actions de marketing externe.<\/p>\n","protected":false},"excerpt":{"rendered":"<p>Non seulement nos campagnes de promotion incitent le client \u00e0 d\u00e9couvrir des offres int\u00e9ressantes et \u00e0 effectuer des achats spontan\u00e9s&#8230;<\/p>\n","protected":false},"author":1,"featured_media":707,"parent":243,"menu_order":2,"comment_status":"closed","ping_status":"closed","template":"","meta":{"_acf_changed":false,"footnotes":""},"categories":[9],"class_list":["post-366","page","type-page","status-publish","has-post-thumbnail","hentry","category-partenariat"],"acf":[],"_links":{"self":[{"href":"https:\/\/www.winconcept.ch\/wp-json\/wp\/v2\/pages\/366","targetHints":{"allow":["GET"]}}],"collection":[{"href":"https:\/\/www.winconcept.ch\/wp-json\/wp\/v2\/pages"}],"about":[{"href":"https:\/\/www.winconcept.ch\/wp-json\/wp\/v2\/types\/page"}],"author":[{"embeddable":true,"href":"https:\/\/www.winconcept.ch\/wp-json\/wp\/v2\/users\/1"}],"replies":[{"embeddable":true,"href":"https:\/\/www.winconcept.ch\/wp-json\/wp\/v2\/comments?post=366"}],"version-history":[{"count":8,"href":"https:\/\/www.winconcept.ch\/wp-json\/wp\/v2\/pages\/366\/revisions"}],"predecessor-version":[{"id":1067,"href":"https:\/\/www.winconcept.ch\/wp-json\/wp\/v2\/pages\/366\/revisions\/1067"}],"up":[{"embeddable":true,"href":"https:\/\/www.winconcept.ch\/wp-json\/wp\/v2\/pages\/243"}],"wp:featuredmedia":[{"embeddable":true,"href":"https:\/\/www.winconcept.ch\/wp-json\/wp\/v2\/media\/707"}],"wp:attachment":[{"href":"https:\/\/www.winconcept.ch\/wp-json\/wp\/v2\/media?parent=366"}],"wp:term":[{"taxonomy":"category","embeddable":true,"href":"https:\/\/www.winconcept.ch\/wp-json\/wp\/v2\/categories?post=366"}],"curies":[{"name":"wp","href":"https:\/\/api.w.org\/{rel}","templated":true}]}}