{"id":364,"date":"2017-08-14T15:54:10","date_gmt":"2017-08-14T13:54:10","guid":{"rendered":"http:\/\/winconcept.staging.joinbox.com\/partenariat\/formation-continue-interne\/"},"modified":"2018-01-29T10:56:32","modified_gmt":"2018-01-29T09:56:32","slug":"formation-continue-interne","status":"publish","type":"page","link":"https:\/\/www.winconcept.ch\/fr\/partenariat\/formation-continue-interne\/","title":{"rendered":"Formation continue interne"},"content":{"rendered":"<h1>Formation continue interne<\/h1>\n<h2>Info pratiques pour votre \u00e9quipe<\/h2>\n<p>En relation avec les campagnes du magazine-client,\u00a0 nous \u00e9laborons des <strong>fiches conseil\u00a0contenant des informations\u00a0actuelles et d\u00e9taill\u00e9es sur le th\u00e8me de la sant\u00e9<\/strong>\u00a0par exemple\u00a0rhume des foins, toux, sevrage tabagique, rhumatismes, soin des plaies, etc. Nous d\u00e9veloppons \u00e9galement des <strong>fiches conseil pour l\u2019optimisation des ventes<\/strong>.<\/p>\n","protected":false},"excerpt":{"rendered":"<p>En relation avec les campagnes du magazine \u00abFeelgood\u2019s news\u00bb, nous \u00e9laborons des fiches contenant des informations de premi\u00e8re main&#8230;<\/p>\n","protected":false},"author":1,"featured_media":1001,"parent":243,"menu_order":4,"comment_status":"closed","ping_status":"closed","template":"","meta":{"_acf_changed":false,"footnotes":""},"categories":[9],"class_list":["post-364","page","type-page","status-publish","has-post-thumbnail","hentry","category-partenariat"],"acf":[],"_links":{"self":[{"href":"https:\/\/www.winconcept.ch\/wp-json\/wp\/v2\/pages\/364","targetHints":{"allow":["GET"]}}],"collection":[{"href":"https:\/\/www.winconcept.ch\/wp-json\/wp\/v2\/pages"}],"about":[{"href":"https:\/\/www.winconcept.ch\/wp-json\/wp\/v2\/types\/page"}],"author":[{"embeddable":true,"href":"https:\/\/www.winconcept.ch\/wp-json\/wp\/v2\/users\/1"}],"replies":[{"embeddable":true,"href":"https:\/\/www.winconcept.ch\/wp-json\/wp\/v2\/comments?post=364"}],"version-history":[{"count":6,"href":"https:\/\/www.winconcept.ch\/wp-json\/wp\/v2\/pages\/364\/revisions"}],"predecessor-version":[{"id":837,"href":"https:\/\/www.winconcept.ch\/wp-json\/wp\/v2\/pages\/364\/revisions\/837"}],"up":[{"embeddable":true,"href":"https:\/\/www.winconcept.ch\/wp-json\/wp\/v2\/pages\/243"}],"wp:featuredmedia":[{"embeddable":true,"href":"https:\/\/www.winconcept.ch\/wp-json\/wp\/v2\/media\/1001"}],"wp:attachment":[{"href":"https:\/\/www.winconcept.ch\/wp-json\/wp\/v2\/media?parent=364"}],"wp:term":[{"taxonomy":"category","embeddable":true,"href":"https:\/\/www.winconcept.ch\/wp-json\/wp\/v2\/categories?post=364"}],"curies":[{"name":"wp","href":"https:\/\/api.w.org\/{rel}","templated":true}]}}