{"id":363,"date":"2017-08-14T15:53:27","date_gmt":"2017-08-14T13:53:27","guid":{"rendered":"http:\/\/winconcept.staging.joinbox.com\/partenariat\/formations-externes\/"},"modified":"2018-02-27T18:00:34","modified_gmt":"2018-02-27T17:00:34","slug":"formations-externes","status":"publish","type":"page","link":"https:\/\/www.winconcept.ch\/fr\/partenariat\/formations-externes\/","title":{"rendered":"Formations externes"},"content":{"rendered":"<h1>Formations externes<\/h1>\n<h2>Offres de formation pour votre \u00e9quipe<\/h2>\n<p>L\u2019<strong>acc\u00e8s exclusif \u00e0 notre plateforme de formation \u00abProgress\u00bb<\/strong> vous aide \u00e0 mettre en application vos points de perfectionnement. Nous vous donnons les outils que vous serez \u00e9galement pr\u00eat \u00e0 utiliser apr\u00e8s le cours.<\/p>\n<p>L\u2019offre \u00abProgress\u00bb permet d\u2019acqu\u00e9rir des comp\u00e9tences en pharmaceutique, vente et management et propose un programme de formation vari\u00e9 en gestion des affaires destin\u00e9 aux pharmaciens qui s\u2019\u00e9tend du cours quotidien au cours semestriel \u00abCertificate of Advanced Studies\u00bb (CAS). De plus, vous profitez d\u2019<strong>avantages sur les cours de CAP<\/strong>.<\/p>\n","protected":false},"excerpt":{"rendered":"<p>L\u2019acc\u00e8s exclusif \u00e0 notre plateforme de formation \u00abProgress\u00bb vous aide \u00e0 mettre en application vos points de perfectionnement: Nous vous donnons les outils que vous serez &#8230;<\/p>\n","protected":false},"author":1,"featured_media":765,"parent":243,"menu_order":5,"comment_status":"closed","ping_status":"closed","template":"","meta":{"_acf_changed":false,"footnotes":""},"categories":[9],"class_list":["post-363","page","type-page","status-publish","has-post-thumbnail","hentry","category-partenariat"],"acf":[],"_links":{"self":[{"href":"https:\/\/www.winconcept.ch\/wp-json\/wp\/v2\/pages\/363","targetHints":{"allow":["GET"]}}],"collection":[{"href":"https:\/\/www.winconcept.ch\/wp-json\/wp\/v2\/pages"}],"about":[{"href":"https:\/\/www.winconcept.ch\/wp-json\/wp\/v2\/types\/page"}],"author":[{"embeddable":true,"href":"https:\/\/www.winconcept.ch\/wp-json\/wp\/v2\/users\/1"}],"replies":[{"embeddable":true,"href":"https:\/\/www.winconcept.ch\/wp-json\/wp\/v2\/comments?post=363"}],"version-history":[{"count":8,"href":"https:\/\/www.winconcept.ch\/wp-json\/wp\/v2\/pages\/363\/revisions"}],"predecessor-version":[{"id":1066,"href":"https:\/\/www.winconcept.ch\/wp-json\/wp\/v2\/pages\/363\/revisions\/1066"}],"up":[{"embeddable":true,"href":"https:\/\/www.winconcept.ch\/wp-json\/wp\/v2\/pages\/243"}],"wp:featuredmedia":[{"embeddable":true,"href":"https:\/\/www.winconcept.ch\/wp-json\/wp\/v2\/media\/765"}],"wp:attachment":[{"href":"https:\/\/www.winconcept.ch\/wp-json\/wp\/v2\/media?parent=363"}],"wp:term":[{"taxonomy":"category","embeddable":true,"href":"https:\/\/www.winconcept.ch\/wp-json\/wp\/v2\/categories?post=363"}],"curies":[{"name":"wp","href":"https:\/\/api.w.org\/{rel}","templated":true}]}}