{"id":361,"date":"2017-08-14T15:52:34","date_gmt":"2017-08-14T13:52:34","guid":{"rendered":"http:\/\/winconcept.staging.joinbox.com\/partenariat\/intranet\/"},"modified":"2019-02-14T15:30:38","modified_gmt":"2019-02-14T14:30:38","slug":"extranet","status":"publish","type":"page","link":"https:\/\/www.winconcept.ch\/fr\/partenariat\/extranet\/","title":{"rendered":"Extranet"},"content":{"rendered":"<h1>Extranet<\/h1>\n<h2>Votre acc\u00e8s personnel \u00e0 des donn\u00e9es utiles<\/h2>\n<p>Notre extranet vous donne acc\u00e8s \u00e0 des informations et documents pr\u00e9cieux li\u00e9s \u00e0 nos activit\u00e9s.<\/p>\n<p>Vous y trouverez, entre autres, les promotions actuelles, les formulaires de commande pour le mat\u00e9riel POS ainsi que les formulaires de mutation pour la carte client.<\/p>\n","protected":false},"excerpt":{"rendered":"<p>Notre extranet vous donne acc\u00e8s \u00e0 des informations et documents pr\u00e9cieux li\u00e9s \u00e0 nos activit\u00e9s&#8230;<\/p>\n","protected":false},"author":1,"featured_media":1041,"parent":243,"menu_order":9,"comment_status":"closed","ping_status":"closed","template":"news-overview.php","meta":{"_acf_changed":false,"footnotes":""},"categories":[9],"class_list":["post-361","page","type-page","status-publish","has-post-thumbnail","hentry","category-partenariat"],"acf":[],"_links":{"self":[{"href":"https:\/\/www.winconcept.ch\/wp-json\/wp\/v2\/pages\/361","targetHints":{"allow":["GET"]}}],"collection":[{"href":"https:\/\/www.winconcept.ch\/wp-json\/wp\/v2\/pages"}],"about":[{"href":"https:\/\/www.winconcept.ch\/wp-json\/wp\/v2\/types\/page"}],"author":[{"embeddable":true,"href":"https:\/\/www.winconcept.ch\/wp-json\/wp\/v2\/users\/1"}],"replies":[{"embeddable":true,"href":"https:\/\/www.winconcept.ch\/wp-json\/wp\/v2\/comments?post=361"}],"version-history":[{"count":12,"href":"https:\/\/www.winconcept.ch\/wp-json\/wp\/v2\/pages\/361\/revisions"}],"predecessor-version":[{"id":1244,"href":"https:\/\/www.winconcept.ch\/wp-json\/wp\/v2\/pages\/361\/revisions\/1244"}],"up":[{"embeddable":true,"href":"https:\/\/www.winconcept.ch\/wp-json\/wp\/v2\/pages\/243"}],"wp:featuredmedia":[{"embeddable":true,"href":"https:\/\/www.winconcept.ch\/wp-json\/wp\/v2\/media\/1041"}],"wp:attachment":[{"href":"https:\/\/www.winconcept.ch\/wp-json\/wp\/v2\/media?parent=361"}],"wp:term":[{"taxonomy":"category","embeddable":true,"href":"https:\/\/www.winconcept.ch\/wp-json\/wp\/v2\/categories?post=361"}],"curies":[{"name":"wp","href":"https:\/\/api.w.org\/{rel}","templated":true}]}}