{"id":3034,"date":"2021-11-15T13:42:35","date_gmt":"2021-11-15T12:42:35","guid":{"rendered":"https:\/\/www.winconcept.ch\/?page_id=3034"},"modified":"2021-11-15T13:42:37","modified_gmt":"2021-11-15T12:42:37","slug":"vision","status":"publish","type":"page","link":"https:\/\/www.winconcept.ch\/fr\/a-propos-de-nous\/vision\/","title":{"rendered":"Vision"},"content":{"rendered":"<h1 id=\"block-52f28b7e-e0ba-46c1-b0c3-440bf502da4f\" class=\"block-editor-block-list__block wp-block is-selected is-highlighted rich-text block-editor-rich-text__editable wp-block\" tabindex=\"0\" role=\"textbox\" contenteditable=\"true\" aria-label=\"Schreib eine \u00dcberschrift\u2026\" aria-multiline=\"true\" data-block=\"52f28b7e-e0ba-46c1-b0c3-440bf502da4f\" data-type=\"core\/heading\" data-title=\"\u00dcberschrift\"><strong data-rich-text-format-boundary=\"true\">Vision<\/strong><\/h1>\n<p>Winconcept offre un maximum d\u2019<strong>ind\u00e9pendance<\/strong>, une grande <strong>flexibilit\u00e9<\/strong> et l\u2019<strong>offre<\/strong> la plus attractive aux pharmacies ind\u00e9pendantes.<\/p>\n<p>\u00a0<\/p>\n<p><strong>Ind\u00e9pendance : <\/strong><\/p>\n<ul>\n<li>la pharmacie ne doit pas se soumettre \u00e0 une enseigne<\/li>\n<li>la pharmacie est libre de choisir son grossiste<\/li>\n<li>la pharmacie est renforc\u00e9e dans sa r\u00e9gion avec son image<\/li>\n<li>la pharmacie peut choisir librement les points du programme annuel \u00e0 effectuer<\/li>\n<li>la pharmacie reste libre dans ses d\u00e9cisions<\/li>\n<\/ul>\n<p>\u00a0<\/p>\n<p><strong>Flexibilit\u00e9 : <\/strong><\/p>\n<ul>\n<li>dans notre mod\u00e8le de partenariat, la pharmacie peut choisir le paquet qui lui convient le mieux<\/li>\n<li>la pharmacie peut changer annuellement de paquet<\/li>\n<li>la pharmacie peut r\u00e9aliser ses propres activit\u00e9s de marketing et de communication (jubil\u00e9, concours, communications, etc.) en b\u00e9n\u00e9ficiant des conseils de Winconcept<\/li>\n<li>la pharmacie peut choisir, parmi diverses offres partenaires, celles dont elle a besoin<\/li>\n<\/ul>\n<p>\u00a0<\/p>\n<p><strong>Offre : <\/strong><\/p>\n<ul>\n<li>conditions d\u2019achat attractives (plate-forme Kuko)<\/li>\n<li>soutien marketing (campagnes mensuelles)<\/li>\n<li>contribution d\u2019efficience<\/li>\n<li>contribution marketing (accords industrie, programme annuel)<\/li>\n<li>prestations<\/li>\n<li>magazine<\/li>\n<\/ul>\n<p>\u00a0<\/p>\n\n<figure class=\"jb_contentlist \">\n    <div class=\"jb_contentlist__articles\">\n        <\/div>\n<\/figure>\n\n\n\n<p><\/p>\n","protected":false},"excerpt":{"rendered":"<p>Vision Winconcept offre un maximum d\u2019ind\u00e9pendance, une grande flexibilit\u00e9 et l\u2019offre la plus attractive aux pharmacies ind\u00e9pendantes. \u00a0 Ind\u00e9pendance : la pharmacie ne doit pas se soumettre \u00e0 une enseigne la pharmacie est libre de choisir son grossiste la pharmacie est renforc\u00e9e dans sa r\u00e9gion avec son image la pharmacie peut choisir librement les points [&hellip;]<\/p>\n","protected":false},"author":288,"featured_media":0,"parent":204,"menu_order":0,"comment_status":"closed","ping_status":"closed","template":"page-no-sidebar.php","meta":{"_acf_changed":false,"footnotes":""},"categories":[],"class_list":["post-3034","page","type-page","status-publish","hentry"],"acf":[],"_links":{"self":[{"href":"https:\/\/www.winconcept.ch\/wp-json\/wp\/v2\/pages\/3034","targetHints":{"allow":["GET"]}}],"collection":[{"href":"https:\/\/www.winconcept.ch\/wp-json\/wp\/v2\/pages"}],"about":[{"href":"https:\/\/www.winconcept.ch\/wp-json\/wp\/v2\/types\/page"}],"author":[{"embeddable":true,"href":"https:\/\/www.winconcept.ch\/wp-json\/wp\/v2\/users\/288"}],"replies":[{"embeddable":true,"href":"https:\/\/www.winconcept.ch\/wp-json\/wp\/v2\/comments?post=3034"}],"version-history":[{"count":2,"href":"https:\/\/www.winconcept.ch\/wp-json\/wp\/v2\/pages\/3034\/revisions"}],"predecessor-version":[{"id":3036,"href":"https:\/\/www.winconcept.ch\/wp-json\/wp\/v2\/pages\/3034\/revisions\/3036"}],"up":[{"embeddable":true,"href":"https:\/\/www.winconcept.ch\/wp-json\/wp\/v2\/pages\/204"}],"wp:attachment":[{"href":"https:\/\/www.winconcept.ch\/wp-json\/wp\/v2\/media?parent=3034"}],"wp:term":[{"taxonomy":"category","embeddable":true,"href":"https:\/\/www.winconcept.ch\/wp-json\/wp\/v2\/categories?post=3034"}],"curies":[{"name":"wp","href":"https:\/\/api.w.org\/{rel}","templated":true}]}}