{"id":2729,"date":"2021-08-16T09:41:27","date_gmt":"2021-08-16T07:41:27","guid":{"rendered":"https:\/\/www.winconcept.ch\/?page_id=2729"},"modified":"2025-09-26T14:21:49","modified_gmt":"2025-09-26T12:21:49","slug":"prestations-exclusives","status":"publish","type":"page","link":"https:\/\/www.winconcept.ch\/fr\/prestations-exclusives\/","title":{"rendered":"Prestations exclusives"},"content":{"rendered":"\n<h1 class=\"wp-block-heading\">Prestations exclusives<\/h1>\n\n\n\n<p>Vous souhaitez avoir acc\u00e8s \u00e0 nos prestations exclusives ? Choisissez le <strong>paquet Winconcept large<\/strong> dans le mod\u00e8le de partenariat. B\u00e9n\u00e9ficiez ainsi des offres attractives qui suivent.<br>Ce n\u2019est pas tout ! Gr\u00e2ce \u00e0 un partenariat avec Winconcept, vous acc\u00e9dez \u00e0 de nombreux avantages suppl\u00e9mentaires. Laissez-vous conseillez par notre personnel comp\u00e9tent.<\/p>\n\n\n<a href=\"\/fr?page_id=214\"\n   class=\"jb_button jb_button--primary\"\n   ><span>Contactez nous<\/span>\n<\/a>\n\n\n\n<div style=\"height:var(--wp--preset--spacing--70)\" aria-hidden=\"true\" class=\"wp-block-spacer\"><\/div>\n\n\n\n<div class=\"wp-block-columns is-layout-flex wp-container-core-columns-is-layout-9d6595d7 wp-block-columns-is-layout-flex\">\n<div class=\"wp-block-column is-layout-flow wp-block-column-is-layout-flow\" style=\"flex-basis:33.33%\">\n<figure class=\"wp-block-image size-large\"><img loading=\"lazy\" decoding=\"async\" width=\"1024\" height=\"777\" src=\"https:\/\/www.winconcept.ch\/wp-content\/uploads\/2025\/09\/DL-Illu_NLB2C_gerundet-1024x777.png\" alt=\"\" class=\"wp-image-4519\" srcset=\"https:\/\/www.winconcept.ch\/wp-content\/uploads\/2025\/09\/DL-Illu_NLB2C_gerundet-1024x777.png 1024w, https:\/\/www.winconcept.ch\/wp-content\/uploads\/2025\/09\/DL-Illu_NLB2C_gerundet-300x228.png 300w, https:\/\/www.winconcept.ch\/wp-content\/uploads\/2025\/09\/DL-Illu_NLB2C_gerundet-768x583.png 768w, https:\/\/www.winconcept.ch\/wp-content\/uploads\/2025\/09\/DL-Illu_NLB2C_gerundet-1536x1166.png 1536w, https:\/\/www.winconcept.ch\/wp-content\/uploads\/2025\/09\/DL-Illu_NLB2C_gerundet.png 1713w\" sizes=\"auto, (max-width: 1024px) 100vw, 1024px\" \/><\/figure>\n<\/div>\n\n\n\n<div class=\"wp-block-column is-layout-flow wp-block-column-is-layout-flow\" style=\"flex-basis:66.66%\">\n<h2 class=\"wp-block-heading\">Newsletter personnalis\u00e9e<\/h2>\n\n\n\n<p>Une communication cibl\u00e9e et personnelle avec votre client\u00e8le.<\/p>\n\n\n\n<div style=\"height:var(--wp--preset--spacing--20)\" aria-hidden=\"true\" class=\"wp-block-spacer\"><\/div>\n\n\n\n<h3 class=\"wp-block-heading\">Plus-value pour la pharmacie :<\/h3>\n\n\n\n<ul class=\"wp-block-list\">\n<li>Communication cibl\u00e9e et personnalis\u00e9e<\/li>\n\n\n\n<li>Construction et renforcement de la relation client<\/li>\n\n\n\n<li>R\u00e9sultats mesurables<\/li>\n<\/ul>\n<\/div>\n<\/div>\n\n\n\n<div style=\"height:var(--wp--preset--spacing--70)\" aria-hidden=\"true\" class=\"wp-block-spacer\"><\/div>\n\n\n\n<div class=\"wp-block-columns is-layout-flex wp-container-core-columns-is-layout-9d6595d7 wp-block-columns-is-layout-flex\">\n<div class=\"wp-block-column is-layout-flow wp-block-column-is-layout-flow\" style=\"flex-basis:33.33%\">\n<figure class=\"wp-block-image size-large\"><img loading=\"lazy\" decoding=\"async\" width=\"1024\" height=\"777\" src=\"https:\/\/www.winconcept.ch\/wp-content\/uploads\/2025\/09\/DL-Illu_picandcollect_gerundet-1024x777.png\" alt=\"\" class=\"wp-image-4522\" srcset=\"https:\/\/www.winconcept.ch\/wp-content\/uploads\/2025\/09\/DL-Illu_picandcollect_gerundet-1024x777.png 1024w, https:\/\/www.winconcept.ch\/wp-content\/uploads\/2025\/09\/DL-Illu_picandcollect_gerundet-300x228.png 300w, https:\/\/www.winconcept.ch\/wp-content\/uploads\/2025\/09\/DL-Illu_picandcollect_gerundet-768x583.png 768w, https:\/\/www.winconcept.ch\/wp-content\/uploads\/2025\/09\/DL-Illu_picandcollect_gerundet-1536x1166.png 1536w, https:\/\/www.winconcept.ch\/wp-content\/uploads\/2025\/09\/DL-Illu_picandcollect_gerundet.png 1713w\" sizes=\"auto, (max-width: 1024px) 100vw, 1024px\" \/><\/figure>\n<\/div>\n\n\n\n<div class=\"wp-block-column is-layout-flow wp-block-column-is-layout-flow\" style=\"flex-basis:66.66%\">\n<h2 class=\"wp-block-heading\">pic and collect<\/h2>\n\n\n\n<p>Une solution de commande mobile simple et efficace pour votre client\u00e8le.<\/p>\n\n\n\n<div style=\"height:var(--wp--preset--spacing--20)\" aria-hidden=\"true\" class=\"wp-block-spacer\"><\/div>\n\n\n\n<h3 class=\"wp-block-heading\">Plus-value pour la pharmacie :<\/h3>\n\n\n\n<ul class=\"wp-block-list\">\n<li>Paquet z\u00e9ro soucis incluant mat\u00e9riel de communication et tablette<\/li>\n\n\n\n<li>Positionnement fort et diff\u00e9renciation sur le march\u00e9<\/li>\n\n\n\n<li>Nouveau canal de vente<\/li>\n<\/ul>\n<\/div>\n<\/div>\n","protected":false},"excerpt":{"rendered":"<p>Prestations exclusives Vous souhaitez avoir acc\u00e8s \u00e0 nos prestations exclusives ? Choisissez le paquet Winconcept large dans le mod\u00e8le de partenariat. B\u00e9n\u00e9ficiez ainsi des offres attractives qui suivent.Ce n\u2019est pas tout ! Gr\u00e2ce \u00e0 un partenariat avec Winconcept, vous acc\u00e9dez \u00e0 de nombreux avantages suppl\u00e9mentaires. Laissez-vous conseillez par notre personnel comp\u00e9tent. Newsletter personnalis\u00e9e Une communication [&hellip;]<\/p>\n","protected":false},"author":13,"featured_media":0,"parent":0,"menu_order":0,"comment_status":"closed","ping_status":"closed","template":"page-no-sidebar.php","meta":{"_acf_changed":false,"footnotes":""},"categories":[],"class_list":["post-2729","page","type-page","status-publish","hentry"],"acf":[],"_links":{"self":[{"href":"https:\/\/www.winconcept.ch\/wp-json\/wp\/v2\/pages\/2729","targetHints":{"allow":["GET"]}}],"collection":[{"href":"https:\/\/www.winconcept.ch\/wp-json\/wp\/v2\/pages"}],"about":[{"href":"https:\/\/www.winconcept.ch\/wp-json\/wp\/v2\/types\/page"}],"author":[{"embeddable":true,"href":"https:\/\/www.winconcept.ch\/wp-json\/wp\/v2\/users\/13"}],"replies":[{"embeddable":true,"href":"https:\/\/www.winconcept.ch\/wp-json\/wp\/v2\/comments?post=2729"}],"version-history":[{"count":8,"href":"https:\/\/www.winconcept.ch\/wp-json\/wp\/v2\/pages\/2729\/revisions"}],"predecessor-version":[{"id":4529,"href":"https:\/\/www.winconcept.ch\/wp-json\/wp\/v2\/pages\/2729\/revisions\/4529"}],"wp:attachment":[{"href":"https:\/\/www.winconcept.ch\/wp-json\/wp\/v2\/media?parent=2729"}],"wp:term":[{"taxonomy":"category","embeddable":true,"href":"https:\/\/www.winconcept.ch\/wp-json\/wp\/v2\/categories?post=2729"}],"curies":[{"name":"wp","href":"https:\/\/api.w.org\/{rel}","templated":true}]}}