{"id":2645,"date":"2021-07-28T13:46:10","date_gmt":"2021-07-28T11:46:10","guid":{"rendered":"https:\/\/www.winconcept.ch\/?page_id=2645"},"modified":"2026-01-23T08:38:13","modified_gmt":"2026-01-23T07:38:13","slug":"notre-service","status":"publish","type":"page","link":"https:\/\/www.winconcept.ch\/fr\/notre-service\/","title":{"rendered":"Notre offre"},"content":{"rendered":"\n<div class=\"wp-block-group\"><div class=\"wp-block-group__inner-container is-layout-constrained wp-block-group-is-layout-constrained\">\n<div class=\"wp-block-columns no-margin is-layout-flex wp-container-core-columns-is-layout-9d6595d7 wp-block-columns-is-layout-flex\">\n<div class=\"wp-block-column is-vertically-aligned-center is-layout-flow wp-block-column-is-layout-flow\">\n<figure class=\"wp-block-image size-full no-margin-bottom\"><img loading=\"lazy\" decoding=\"async\" width=\"1020\" height=\"850\" src=\"https:\/\/www.winconcept.ch\/wp-content\/uploads\/2021\/08\/wco_pharmacy3-1.png\" alt=\"\" class=\"wp-image-2793\" srcset=\"https:\/\/www.winconcept.ch\/wp-content\/uploads\/2021\/08\/wco_pharmacy3-1.png 1020w, https:\/\/www.winconcept.ch\/wp-content\/uploads\/2021\/08\/wco_pharmacy3-1-300x250.png 300w, https:\/\/www.winconcept.ch\/wp-content\/uploads\/2021\/08\/wco_pharmacy3-1-768x640.png 768w\" sizes=\"auto, (max-width: 1020px) 100vw, 1020px\" \/><\/figure>\n<\/div>\n\n\n\n<div class=\"wp-block-column is-vertically-aligned-center is-layout-flow wp-block-column-is-layout-flow\">\n<h1 class=\"wp-block-heading\">Nous renfor\u00e7ons l\u2019image de votre pharmacie avec votre identit\u00e9 dans votre r\u00e9gion<\/h1>\n\n\n\n<p>\u2714 Forte pr\u00e9sence sur le march\u00e9<br>\u2714 Plateforme d\u2019achat la plus attractive du march\u00e9<\/p>\n\n\n\n<p>Winconcept est une entreprise de marketing et de communication, qui s\u2019occupe de Feelgood\u2019s, le plus grand groupement de pharmacies de Suisse.<\/p>\n\n\n\n<div style=\"height:2em\" aria-hidden=\"true\" class=\"wp-block-spacer hide-on-mobile\"><\/div>\n<\/div>\n<\/div>\n\n\n\n<div style=\"height:3em\" aria-hidden=\"true\" class=\"wp-block-spacer\"><\/div>\n<\/div><\/div>\n\n\n\n<div class=\"wp-block-group section\"><div class=\"wp-block-group__inner-container is-layout-constrained wp-block-group-is-layout-constrained\">\n<div class=\"wp-block-group\"><div class=\"wp-block-group__inner-container is-layout-constrained wp-block-group-is-layout-constrained\">\n<h2 class=\"wp-block-heading\">Ce que nous offrons<\/h2>\n\n\n\n<p>Nos comp\u00e9tences \u00e0 votre service.<\/p>\n<\/div><\/div>\n\n\n\n<div class=\"wp-block-columns row goals is-layout-flex wp-container-core-columns-is-layout-9d6595d7 wp-block-columns-is-layout-flex\">\n<div class=\"wp-block-column column is-layout-flow wp-block-column-is-layout-flow\"><div class=\"wp-block-image\">\n<figure class=\"aligncenter size-full\"><img loading=\"lazy\" decoding=\"async\" width=\"800\" height=\"800\" src=\"https:\/\/www.winconcept.ch\/wp-content\/uploads\/2021\/03\/wco_ziele_kommunikation.png\" alt=\"\" class=\"wp-image-2429\" srcset=\"https:\/\/www.winconcept.ch\/wp-content\/uploads\/2021\/03\/wco_ziele_kommunikation.png 800w, https:\/\/www.winconcept.ch\/wp-content\/uploads\/2021\/03\/wco_ziele_kommunikation-300x300.png 300w, https:\/\/www.winconcept.ch\/wp-content\/uploads\/2021\/03\/wco_ziele_kommunikation-150x150.png 150w, https:\/\/www.winconcept.ch\/wp-content\/uploads\/2021\/03\/wco_ziele_kommunikation-768x768.png 768w\" sizes=\"auto, (max-width: 800px) 100vw, 800px\" \/><\/figure><\/div>\n\n\n<p style=\"font-size:1em\">Votre communication personnalis\u00e9e et digitale<br><strong>notre comp\u00e9tence principale<\/strong><\/p>\n<\/div>\n\n\n\n<div class=\"wp-block-column column is-layout-flow wp-block-column-is-layout-flow\"><div class=\"wp-block-image\">\n<figure class=\"aligncenter size-full\"><img loading=\"lazy\" decoding=\"async\" width=\"800\" height=\"800\" src=\"https:\/\/www.winconcept.ch\/wp-content\/uploads\/2021\/03\/wco_ziele_aufritt.png\" alt=\"\" class=\"wp-image-2425\" srcset=\"https:\/\/www.winconcept.ch\/wp-content\/uploads\/2021\/03\/wco_ziele_aufritt.png 800w, https:\/\/www.winconcept.ch\/wp-content\/uploads\/2021\/03\/wco_ziele_aufritt-300x300.png 300w, https:\/\/www.winconcept.ch\/wp-content\/uploads\/2021\/03\/wco_ziele_aufritt-150x150.png 150w, https:\/\/www.winconcept.ch\/wp-content\/uploads\/2021\/03\/wco_ziele_aufritt-768x768.png 768w\" sizes=\"auto, (max-width: 800px) 100vw, 800px\" \/><\/figure><\/div>\n\n\n<p style=\"font-size:1em\">Votre visibilit\u00e9 dans votre r\u00e9gion<br><strong>notre pr\u00e9occupation<\/strong><\/p>\n<\/div>\n\n\n\n<div class=\"wp-block-column column is-layout-flow wp-block-column-is-layout-flow\"><div class=\"wp-block-image\">\n<figure class=\"aligncenter size-full\"><img loading=\"lazy\" decoding=\"async\" width=\"800\" height=\"800\" src=\"https:\/\/www.winconcept.ch\/wp-content\/uploads\/2021\/03\/wco_ziele_projekte.png\" alt=\"\" class=\"wp-image-2433\" srcset=\"https:\/\/www.winconcept.ch\/wp-content\/uploads\/2021\/03\/wco_ziele_projekte.png 800w, https:\/\/www.winconcept.ch\/wp-content\/uploads\/2021\/03\/wco_ziele_projekte-300x300.png 300w, https:\/\/www.winconcept.ch\/wp-content\/uploads\/2021\/03\/wco_ziele_projekte-150x150.png 150w, https:\/\/www.winconcept.ch\/wp-content\/uploads\/2021\/03\/wco_ziele_projekte-768x768.png 768w\" sizes=\"auto, (max-width: 800px) 100vw, 800px\" \/><\/figure><\/div>\n\n\n<p style=\"font-size:1em\">Vos projets<br>nous sommes l\u00e0 <strong>pour vous soutenir<\/strong><\/p>\n<\/div>\n\n\n\n<div class=\"wp-block-column column is-layout-flow wp-block-column-is-layout-flow\"><div class=\"wp-block-image\">\n<figure class=\"aligncenter size-full\"><img loading=\"lazy\" decoding=\"async\" width=\"800\" height=\"800\" src=\"https:\/\/www.winconcept.ch\/wp-content\/uploads\/2021\/03\/wco_ziele_netzwerk.png\" alt=\"\" class=\"wp-image-2431\" srcset=\"https:\/\/www.winconcept.ch\/wp-content\/uploads\/2021\/03\/wco_ziele_netzwerk.png 800w, https:\/\/www.winconcept.ch\/wp-content\/uploads\/2021\/03\/wco_ziele_netzwerk-300x300.png 300w, https:\/\/www.winconcept.ch\/wp-content\/uploads\/2021\/03\/wco_ziele_netzwerk-150x150.png 150w, https:\/\/www.winconcept.ch\/wp-content\/uploads\/2021\/03\/wco_ziele_netzwerk-768x768.png 768w\" sizes=\"auto, (max-width: 800px) 100vw, 800px\" \/><\/figure><\/div>\n\n\n<p style=\"font-size:1em\">Les n\u00e9gociations avec l\u2019industrie<br><strong>c\u2019est l\u00e0 que notre r\u00e9seau entre en jeu<\/strong><\/p>\n<\/div>\n\n\n\n<div class=\"wp-block-column column is-layout-flow wp-block-column-is-layout-flow\"><div class=\"wp-block-image\">\n<figure class=\"aligncenter size-full\"><img loading=\"lazy\" decoding=\"async\" width=\"800\" height=\"800\" src=\"https:\/\/www.winconcept.ch\/wp-content\/uploads\/2021\/03\/wco_ziele_berater.png\" alt=\"\" class=\"wp-image-2427\" srcset=\"https:\/\/www.winconcept.ch\/wp-content\/uploads\/2021\/03\/wco_ziele_berater.png 800w, https:\/\/www.winconcept.ch\/wp-content\/uploads\/2021\/03\/wco_ziele_berater-300x300.png 300w, https:\/\/www.winconcept.ch\/wp-content\/uploads\/2021\/03\/wco_ziele_berater-150x150.png 150w, https:\/\/www.winconcept.ch\/wp-content\/uploads\/2021\/03\/wco_ziele_berater-768x768.png 768w\" sizes=\"auto, (max-width: 800px) 100vw, 800px\" \/><\/figure><\/div>\n\n\n<p style=\"font-size:1em\">Votre consultant personnel<br><strong>se r\u00e9jouit de vous rencontrer<\/strong><\/p>\n<\/div>\n<\/div>\n\n\n\n<div style=\"height:2em\" aria-hidden=\"true\" class=\"wp-block-spacer\"><\/div>\n<\/div><\/div>\n\n\n\n<div class=\"wp-block-group section background-gray\"><div class=\"wp-block-group__inner-container is-layout-constrained wp-block-group-is-layout-constrained\">\n<div class=\"wp-block-group row simple-page__inner\"><div class=\"wp-block-group__inner-container is-layout-constrained wp-block-group-is-layout-constrained\">\n<div class=\"wp-block-group\"><div class=\"wp-block-group__inner-container is-layout-constrained wp-block-group-is-layout-constrained\">\n<h2 class=\"wp-block-heading\">Le mod\u00e8le de partenariat \u00e0 trois niveaux<\/h2>\n\n\n\n<p>Winconcept vous propose un mod\u00e8le de partenariat \u00e0 trois niveaux avec des paquets clairement d\u00e9finis. Vous d\u00e9cidez de ce qui vous convient le mieux :<\/p>\n<\/div><\/div>\n\n\n\n<div class=\"wp-block-columns membershiptable is-layout-flex wp-container-core-columns-is-layout-9d6595d7 wp-block-columns-is-layout-flex\">\n<div class=\"wp-block-column membershipitem is-layout-flow wp-block-column-is-layout-flow\"><div class=\"wp-block-image\">\n<figure class=\"aligncenter size-full is-resized\"><img loading=\"lazy\" decoding=\"async\" width=\"800\" height=\"800\" src=\"https:\/\/www.winconcept.ch\/wp-content\/uploads\/2021\/03\/paket_wco_small.png\" alt=\"\" class=\"wp-image-2421\" style=\"width:160px\" srcset=\"https:\/\/www.winconcept.ch\/wp-content\/uploads\/2021\/03\/paket_wco_small.png 800w, https:\/\/www.winconcept.ch\/wp-content\/uploads\/2021\/03\/paket_wco_small-300x300.png 300w, https:\/\/www.winconcept.ch\/wp-content\/uploads\/2021\/03\/paket_wco_small-150x150.png 150w, https:\/\/www.winconcept.ch\/wp-content\/uploads\/2021\/03\/paket_wco_small-768x768.png 768w\" sizes=\"auto, (max-width: 800px) 100vw, 800px\" \/><\/figure><\/div>\n\n\n<h3 class=\"wp-block-heading has-text-align-center\">Paquet Winconcept small<\/h3>\n\n\n\n<p class=\"has-text-align-center\">Attractif. Simple. Paquet de d\u00e9part.<\/p>\n\n\n\n<div style=\"height:1em\" aria-hidden=\"true\" class=\"wp-block-spacer\"><\/div>\n\n\n\n<ul style=\"font-size:1em\" class=\"wp-block-list\">\n<li>Magazine clients (neutre)<\/li>\n\n\n\n<li>Contribution Marketing<\/li>\n\n\n\n<li>Plateforme Kuko<\/li>\n\n\n\n<li>Contribution d\u2019efficience<\/li>\n\n\n\n<li>Offres partenaires<\/li>\n\n\n\n<li>Invitations aux Cercles de comp\u00e9tences et Events<\/li>\n<\/ul>\n<\/div>\n\n\n\n<div class=\"wp-block-column membershipitem popular is-layout-flow wp-block-column-is-layout-flow\"><div class=\"wp-block-image\">\n<figure class=\"aligncenter size-full is-resized\"><img loading=\"lazy\" decoding=\"async\" width=\"800\" height=\"800\" src=\"https:\/\/www.winconcept.ch\/wp-content\/uploads\/2021\/03\/paket_wco_medium.png\" alt=\"\" class=\"wp-image-2419\" style=\"width:160px\" srcset=\"https:\/\/www.winconcept.ch\/wp-content\/uploads\/2021\/03\/paket_wco_medium.png 800w, https:\/\/www.winconcept.ch\/wp-content\/uploads\/2021\/03\/paket_wco_medium-300x300.png 300w, https:\/\/www.winconcept.ch\/wp-content\/uploads\/2021\/03\/paket_wco_medium-150x150.png 150w, https:\/\/www.winconcept.ch\/wp-content\/uploads\/2021\/03\/paket_wco_medium-768x768.png 768w\" sizes=\"auto, (max-width: 800px) 100vw, 800px\" \/><\/figure><\/div>\n\n\n<h3 class=\"wp-block-heading has-text-align-center\">Paquet Winconcept medium<\/h3>\n\n\n\n<p class=\"has-text-align-center\">Innovant. \u00c9prouv\u00e9. Appr\u00e9ci\u00e9.<\/p>\n\n\n\n<div style=\"height:1em\" aria-hidden=\"true\" class=\"wp-block-spacer\"><\/div>\n\n\n\n<ul style=\"font-size:1em\" class=\"wp-block-list\">\n<li>Magazine clients (personnalis\u00e9)<\/li>\n\n\n\n<li>Contribution Marketing<\/li>\n\n\n\n<li>Plateforme Kuko<\/li>\n\n\n\n<li>Contribution d\u2019efficience<\/li>\n\n\n\n<li>Offres partenaires<\/li>\n\n\n\n<li>Prestations<\/li>\n\n\n\n<li>Personnalisation<\/li>\n\n\n\n<li>Invitations aux Cercles de comp\u00e9tences et Events<\/li>\n<\/ul>\n\n\n\n<p class=\"ribbon\">populaire<\/p>\n<\/div>\n\n\n\n<div class=\"wp-block-column membershipitem is-layout-flow wp-block-column-is-layout-flow\"><div class=\"wp-block-image\">\n<figure class=\"aligncenter size-full is-resized\"><img loading=\"lazy\" decoding=\"async\" width=\"800\" height=\"800\" src=\"https:\/\/www.winconcept.ch\/wp-content\/uploads\/2021\/03\/paket_wco_large.png\" alt=\"\" class=\"wp-image-2417\" style=\"width:160px\" srcset=\"https:\/\/www.winconcept.ch\/wp-content\/uploads\/2021\/03\/paket_wco_large.png 800w, https:\/\/www.winconcept.ch\/wp-content\/uploads\/2021\/03\/paket_wco_large-300x300.png 300w, https:\/\/www.winconcept.ch\/wp-content\/uploads\/2021\/03\/paket_wco_large-150x150.png 150w, https:\/\/www.winconcept.ch\/wp-content\/uploads\/2021\/03\/paket_wco_large-768x768.png 768w\" sizes=\"auto, (max-width: 800px) 100vw, 800px\" \/><\/figure><\/div>\n\n\n<h3 class=\"wp-block-heading has-text-align-center\">Paquet Winconcept large<\/h3>\n\n\n\n<p class=\"has-text-align-center\">Digital. Orient\u00e9 vers le futur.<\/p>\n\n\n\n<div style=\"height:1em\" aria-hidden=\"true\" class=\"wp-block-spacer\"><\/div>\n\n\n\n<ul style=\"font-size:1em\" class=\"wp-block-list\">\n<li>Magazine clients (personnalis\u00e9)<\/li>\n\n\n\n<li>Contribution Marketing<\/li>\n\n\n\n<li>Plateforme Kuko<\/li>\n\n\n\n<li>Contribution d\u2019efficience<\/li>\n\n\n\n<li>Offres partenaires<\/li>\n\n\n\n<li>Prestations<\/li>\n\n\n\n<li>Personnalisation<\/li>\n\n\n\n<li>Prestations exclusives<\/li>\n\n\n\n<li>Invitations aux Cercles de comp\u00e9tences et Events<\/li>\n<\/ul>\n<\/div>\n<\/div>\n\n\n\n<div style=\"height:2em\" aria-hidden=\"true\" class=\"wp-block-spacer\"><\/div>\n\n\n\n<div class=\"wp-block-group\"><div class=\"wp-block-group__inner-container is-layout-constrained wp-block-group-is-layout-constrained\">\n<p class=\"has-text-align-center\">Bien entendu, les paquets offrent bien plus. Notre personnel comp\u00e9tent se fera un plaisir de vous conseillez de mani\u00e8re d\u00e9taill\u00e9e.<\/p>\n\n\n\n<div class=\"wp-block-buttons home-button home-button-blue is-content-justification-center is-layout-flex wp-container-core-buttons-is-layout-16018d1d wp-block-buttons-is-layout-flex\">\n<div class=\"wp-block-button\"><a class=\"wp-block-button__link wp-element-button\" href=\"https:\/\/www.winconcept.ch\/fr\/a-propos-de-nous\/contact\/\">Contactez-nous<\/a><\/div>\n<\/div>\n<\/div><\/div>\n<\/div><\/div>\n<\/div><\/div>\n\n\n\n<div class=\"wp-block-group section\"><div class=\"wp-block-group__inner-container is-layout-constrained wp-block-group-is-layout-constrained\">\n<div class=\"wp-block-columns reorderonmob is-layout-flex wp-container-core-columns-is-layout-9d6595d7 wp-block-columns-is-layout-flex\">\n<div class=\"wp-block-column is-vertically-aligned-center is-layout-flow wp-block-column-is-layout-flow\">\n<h2 class=\"wp-block-heading\">Offres partenaires<\/h2>\n\n\n\n<p>B\u00e9n\u00e9ficiez de rabais et de r\u00e9ductions attractives aupr\u00e8s de partenaires tiers de divers secteurs. L\u2019offre est constamment \u00e9largie. Quelques exemples :<\/p>\n\n\n\n<ul class=\"wp-block-list\">\n<li>Mise sous blister<\/li>\n\n\n\n<li>Ustensiles de laboratoire<\/li>\n\n\n\n<li>Syst\u00e8me de prise de rendez-vous en ligne<\/li>\n\n\n\n<li>Articles de bureau<\/li>\n\n\n\n<li>Rabais de flotte sur v\u00e9hicules<\/li>\n<\/ul>\n\n\n\n<div style=\"height:2em\" aria-hidden=\"true\" class=\"wp-block-spacer hide-on-mobile\"><\/div>\n<\/div>\n\n\n\n<div class=\"wp-block-column is-vertically-aligned-center is-layout-flow wp-block-column-is-layout-flow\">\n<figure class=\"wp-block-image size-full\"><img loading=\"lazy\" decoding=\"async\" width=\"1002\" height=\"789\" src=\"https:\/\/www.winconcept.ch\/wp-content\/uploads\/2021\/07\/wco_partnerangebote-e1628605286670.png\" alt=\"\" class=\"wp-image-2614\" srcset=\"https:\/\/www.winconcept.ch\/wp-content\/uploads\/2021\/07\/wco_partnerangebote-e1628605286670.png 1002w, https:\/\/www.winconcept.ch\/wp-content\/uploads\/2021\/07\/wco_partnerangebote-e1628605286670-300x236.png 300w, https:\/\/www.winconcept.ch\/wp-content\/uploads\/2021\/07\/wco_partnerangebote-e1628605286670-768x605.png 768w\" sizes=\"auto, (max-width: 1002px) 100vw, 1002px\" \/><\/figure>\n<\/div>\n<\/div>\n<\/div><\/div>\n\n\n\n<div class=\"wp-block-group section background-gray\"><div class=\"wp-block-group__inner-container is-layout-constrained wp-block-group-is-layout-constrained\">\n<div class=\"wp-block-group row simple-page__inner\"><div class=\"wp-block-group__inner-container is-layout-constrained wp-block-group-is-layout-constrained\">\n<div class=\"wp-block-columns is-layout-flex wp-container-core-columns-is-layout-9d6595d7 wp-block-columns-is-layout-flex\">\n<div class=\"wp-block-column is-vertically-aligned-center is-layout-flow wp-block-column-is-layout-flow\">\n<figure class=\"wp-block-image size-full\"><img loading=\"lazy\" decoding=\"async\" width=\"1014\" height=\"768\" src=\"https:\/\/www.winconcept.ch\/wp-content\/uploads\/2021\/03\/wco_visuelle_kommunikation-e1628605478196.png\" alt=\"\" class=\"wp-image-2435\" srcset=\"https:\/\/www.winconcept.ch\/wp-content\/uploads\/2021\/03\/wco_visuelle_kommunikation-e1628605478196.png 1014w, https:\/\/www.winconcept.ch\/wp-content\/uploads\/2021\/03\/wco_visuelle_kommunikation-e1628605478196-300x227.png 300w, https:\/\/www.winconcept.ch\/wp-content\/uploads\/2021\/03\/wco_visuelle_kommunikation-e1628605478196-768x582.png 768w\" sizes=\"auto, (max-width: 1014px) 100vw, 1014px\" \/><\/figure>\n<\/div>\n\n\n\n<div class=\"wp-block-column is-vertically-aligned-center is-layout-flow wp-block-column-is-layout-flow\">\n<h2 class=\"wp-block-heading\">Communication visuelle<\/h2>\n\n\n\n<p>L\u2019ArtStudio de Winconcept vous offre tous les services d\u2019une agence de graphisme moderne. Il vous propose une palette compl\u00e8te de prestations ainsi que des solutions cr\u00e9atives dans le domaine du graphisme et de l\u2019impression.<\/p>\n\n\n\n<div class=\"wp-block-buttons home-button is-layout-flex wp-block-buttons-is-layout-flex\">\n<div class=\"wp-block-button\"><a class=\"wp-block-button__link wp-element-button\" href=\"https:\/\/www.winconcept-artstudio.ch\/fr\/\" target=\"_blank\" rel=\"noreferrer noopener\">Visiter le site<\/a><\/div>\n<\/div>\n\n\n\n<div style=\"height:2em\" aria-hidden=\"true\" class=\"wp-block-spacer hide-on-mobile\"><\/div>\n<\/div>\n<\/div>\n<\/div><\/div>\n<\/div><\/div>\n\n\n\n<div class=\"wp-block-group section\"><div class=\"wp-block-group__inner-container is-layout-constrained wp-block-group-is-layout-constrained\">\n<div class=\"wp-block-columns reorderonmob is-layout-flex wp-container-core-columns-is-layout-9d6595d7 wp-block-columns-is-layout-flex\">\n<div class=\"wp-block-column is-vertically-aligned-center is-layout-flow wp-block-column-is-layout-flow\">\n<h2 class=\"wp-block-heading\">Pr\u00e9sent dans toute la Suisse<\/h2>\n\n\n\n<p>Plus de 200 pharmacies font partie de Feelgood\u2019s, le groupement de pharmacie pr\u00e9sent dans toute la Suisse.<\/p>\n\n\n\n<div class=\"wp-block-buttons home-button is-layout-flex wp-block-buttons-is-layout-flex\">\n<div class=\"wp-block-button\"><a class=\"wp-block-button__link wp-element-button\" href=\"https:\/\/www.winconcept.ch\/fr\/pharmacies-partenaires\/\">Afficher les pharmacies<\/a><\/div>\n<\/div>\n\n\n\n<div style=\"height:2em\" aria-hidden=\"true\" class=\"wp-block-spacer hide-on-mobile\"><\/div>\n<\/div>\n\n\n\n<div class=\"wp-block-column is-vertically-aligned-center is-layout-flow wp-block-column-is-layout-flow\">\n<figure class=\"wp-block-image size-full\"><img loading=\"lazy\" decoding=\"async\" width=\"2560\" height=\"1632\" src=\"https:\/\/www.winconcept.ch\/wp-content\/uploads\/2026\/01\/CH-Karte_Standorte_2026-scaled.png\" alt=\"\" class=\"wp-image-4806\" srcset=\"https:\/\/www.winconcept.ch\/wp-content\/uploads\/2026\/01\/CH-Karte_Standorte_2026-scaled.png 2560w, https:\/\/www.winconcept.ch\/wp-content\/uploads\/2026\/01\/CH-Karte_Standorte_2026-300x191.png 300w, https:\/\/www.winconcept.ch\/wp-content\/uploads\/2026\/01\/CH-Karte_Standorte_2026-1024x653.png 1024w, https:\/\/www.winconcept.ch\/wp-content\/uploads\/2026\/01\/CH-Karte_Standorte_2026-768x490.png 768w, https:\/\/www.winconcept.ch\/wp-content\/uploads\/2026\/01\/CH-Karte_Standorte_2026-1536x979.png 1536w, https:\/\/www.winconcept.ch\/wp-content\/uploads\/2026\/01\/CH-Karte_Standorte_2026-2048x1305.png 2048w\" sizes=\"auto, (max-width: 2560px) 100vw, 2560px\" \/><\/figure>\n<\/div>\n<\/div>\n<\/div><\/div>\n","protected":false},"excerpt":{"rendered":"<p>Nous renfor\u00e7ons l\u2019image de votre pharmacie avec votre identit\u00e9 dans votre r\u00e9gion \u2714 Forte pr\u00e9sence sur le march\u00e9\u2714 Plateforme d\u2019achat la plus attractive du march\u00e9 Winconcept est une entreprise de marketing et de communication, qui s\u2019occupe de Feelgood\u2019s, le plus grand groupement de pharmacies de Suisse. Ce que nous offrons Nos comp\u00e9tences \u00e0 votre service. [&hellip;]<\/p>\n","protected":false},"author":13,"featured_media":0,"parent":0,"menu_order":0,"comment_status":"closed","ping_status":"closed","template":"page-no-sidebar.php","meta":{"_acf_changed":false,"footnotes":""},"categories":[],"class_list":["post-2645","page","type-page","status-publish","hentry"],"acf":[],"_links":{"self":[{"href":"https:\/\/www.winconcept.ch\/wp-json\/wp\/v2\/pages\/2645","targetHints":{"allow":["GET"]}}],"collection":[{"href":"https:\/\/www.winconcept.ch\/wp-json\/wp\/v2\/pages"}],"about":[{"href":"https:\/\/www.winconcept.ch\/wp-json\/wp\/v2\/types\/page"}],"author":[{"embeddable":true,"href":"https:\/\/www.winconcept.ch\/wp-json\/wp\/v2\/users\/13"}],"replies":[{"embeddable":true,"href":"https:\/\/www.winconcept.ch\/wp-json\/wp\/v2\/comments?post=2645"}],"version-history":[{"count":41,"href":"https:\/\/www.winconcept.ch\/wp-json\/wp\/v2\/pages\/2645\/revisions"}],"predecessor-version":[{"id":4809,"href":"https:\/\/www.winconcept.ch\/wp-json\/wp\/v2\/pages\/2645\/revisions\/4809"}],"wp:attachment":[{"href":"https:\/\/www.winconcept.ch\/wp-json\/wp\/v2\/media?parent=2645"}],"wp:term":[{"taxonomy":"category","embeddable":true,"href":"https:\/\/www.winconcept.ch\/wp-json\/wp\/v2\/categories?post=2645"}],"curies":[{"name":"wp","href":"https:\/\/api.w.org\/{rel}","templated":true}]}}