{"id":262,"date":"2017-07-07T11:04:55","date_gmt":"2017-07-07T09:04:55","guid":{"rendered":"http:\/\/winconcept.staging.joinbox.com\/disclaimer\/"},"modified":"2025-02-11T11:43:45","modified_gmt":"2025-02-11T10:43:45","slug":"informations-juridiques","status":"publish","type":"page","link":"https:\/\/www.winconcept.ch\/fr\/informations-juridiques\/","title":{"rendered":"Informations juridiques"},"content":{"rendered":"\n<h1 class=\"wp-block-heading\"><strong>Information juridique<\/strong><\/h1>\n\n\n\n<h2 class=\"wp-block-heading\"><strong>Contenu du site<\/strong><\/h2>\n\n\n\n<p>Winconcept ne peut en aucun cas \u00eatre tenu responsable de la pertinence, de l\u2019exactitude, de l\u2019int\u00e9grit\u00e9 ou de la qualit\u00e9 du contenu mis en ligne. La responsabilit\u00e9 de Winconcept ne peut \u00eatre engag\u00e9e en cas de dommages mat\u00e9riels ou intellectuels r\u00e9sultant de l\u2019utilisation ou de la non-utilisation des informations contenues dans le site web, d\u2019informations erron\u00e9es ou incompl\u00e8tes, dans la mesure o\u00f9 il ne peut pas \u00eatre \u00e9tabli qu\u2019il s\u2019agit d\u2019un acte d\u00e9lib\u00e9r\u00e9 ou d\u2019une n\u00e9gligence de Winconcept. Toutes les informations contenues dans ce site sont libres et sans engagement. Winconcept se r\u00e9serve express\u00e9ment le droit de modifier, de compl\u00e9ter ou de supprimer tout ou partie du contenu du site sans pr\u00e9avis ainsi que d\u2019en suspendre la publication \u00e0 titre temporaire ou d\u00e9finitif.<\/p>\n\n\n\n<h2 class=\"wp-block-heading\"><strong>R\u00e9f\u00e9rences et liens<\/strong><\/h2>\n\n\n\n<p>Le site web peut contenir des liens vers des sites web externes (\u00abhyperliens\u00bb). Nous d\u00e9clinons toute responsabilit\u00e9 concernant la politique de confidentialit\u00e9 ou le contenu de ces sites.<\/p>\n\n\n\n<p>Seul le fournisseur du site auquel il est fait r\u00e9f\u00e9rence est responsable des contenus ill\u00e9gaux, erron\u00e9s ou incomplets, et notamment des dommages r\u00e9sultant de l&rsquo;utilisation ou de la non-utilisation des informations de ces sites externes.<\/p>\n\n\n\n<h2 class=\"wp-block-heading\"><strong>Droit d\u2019auteur et marques d\u00e9pos\u00e9es<\/strong><\/h2>\n\n\n\n<p>Winconcept s\u2019engage \u00e0 respecter les droits d\u2019auteur de toutes les images et s\u00e9quences vid\u00e9o, de tous les graphiques, documents sonores et textes employ\u00e9s, \u00e0 recourir \u00e0 ses propres images, s\u00e9quences vid\u00e9o, graphiques, documents sonores et textes ou \u00e0 utiliser des graphiques, documents sonores, s\u00e9quences vid\u00e9o et textes libres de droits.<\/p>\n\n\n\n<p>Toutes les marques et repr\u00e9sentations graphiques affich\u00e9es dans ce site et \u00e9ventuellement d\u00e9pos\u00e9es par des tiers, sont soumises, sans distinction, aux dispositions de la loi sur le droit d\u2019auteur et de propri\u00e9t\u00e9 dont jouissent les b\u00e9n\u00e9ficiaires. Le copyright sur les repr\u00e9sentations publi\u00e9es dans ce site ou cr\u00e9\u00e9es par l\u2019auteur du site reste sa propri\u00e9t\u00e9 exclusive. La reproduction ou l\u2019utilisation de tels graphiques, documents sonores, s\u00e9quences vid\u00e9o ou textes, dans d\u2019autres documents ou \u0153uvres num\u00e9riques, est formellement interdite sans l\u2019accord de son auteur.<\/p>\n\n\n\n<h2 class=\"wp-block-heading\"><strong>Forums publics<\/strong><\/h2>\n\n\n\n<p>Le cas \u00e9ch\u00e9ant, notre site peut mettre \u00e0 la disposition de ses utilisateurs des chat rooms, des forums de discussion, des news groups et\/ou d\u2019autres forums publics. Toute information publi\u00e9e dans ces espaces devient publique et vous devez faire preuve de prudence en les utilisant et ne jamais communiquer de donn\u00e9es personnelles. Winconcept d\u00e9cline toute responsabilit\u00e9 quant au contenu de ces forums.<\/p>\n\n\n\n<h2 class=\"wp-block-heading\"><strong>S\u00e9curit\u00e9<\/strong><\/h2>\n\n\n\n<p>Nous accordons une grande importance \u00e0 la s\u00e9curit\u00e9 de toutes les informations identifiant personnellement nos utilisateurs. Nous avons mis en place des mesures de s\u00e9curit\u00e9 pour pr\u00e9venir la perte, l\u2019utilisation abusive ou l\u2019alt\u00e9ration de donn\u00e9es personnelles sous notre contr\u00f4le. Par exemple, nos politiques relatives \u00e0 la s\u00e9curit\u00e9 et au respect de la vie priv\u00e9e sont r\u00e9vis\u00e9es p\u00e9riodiquement et am\u00e9lior\u00e9es si n\u00e9cessaire. Par ailleurs, seul le personnel autoris\u00e9 a l\u2019acc\u00e8s aux donn\u00e9es personnelles. Bien que nous ne puissions garantir l\u2019absence totale de perte, d\u2019utilisation abusive ou d\u2019alt\u00e9ration des donn\u00e9es, nous nous effor\u00e7ons d\u2019\u00e9viter que de tels incidents ne se produisent.<\/p>\n\n\n\n<p>Veuillez garder \u00e0 l\u2019esprit que la transmission d\u2019informations via Internet n\u2019est jamais totalement d\u00e9pourvue de risques. Nous ne pouvons garantir la s\u00e9curit\u00e9 des donn\u00e9es que vous transmettez via notre site lorsqu\u2019elles transitent par Internet et vous effectuez ces transmissions \u00e0 vos propres risques.<\/p>\n\n\n\n<p>Il est recommand\u00e9 de fermer votre navigateur lorsque vous avez termin\u00e9 votre session utilisateur afin d\u2019emp\u00eacher des tiers d\u2019acc\u00e9der \u00e0 vos donn\u00e9es personnelles si vous utilisez un ordinateur partag\u00e9 ou un ordinateur dans un lieu public.<\/p>\n\n\n\n<p>Afin de conna\u00eetre la mani\u00e8re dont vos donn\u00e9es sont utilis\u00e9es, veuillez-vous r\u00e9f\u00e9rer \u00e0 notre d\u00e9claration de protection des donn\u00e9es que vous trouverez&nbsp;<a href=\"\/?page_id=1081&amp;iframe=1&amp;color=127636\"><strong>ici<\/strong><\/a>.<\/p>\n\n\n\n<h2 class=\"wp-block-heading\"><strong>Application de la loi de non-responsabilit\u00e9<\/strong><\/h2>\n\n\n\n<p>Cette exclusion de responsabilit\u00e9 s\u2019applique \u00e0 ce site. Dans le cas o\u00f9 certaines formulations de ce texte ne correspondaient pas, plus tout \u00e0 fait ou plus du tout \u00e0 la loi en vigueur, le contenu et la validit\u00e9 des autres parties de ce document n\u2019en seraient pas affect\u00e9es.<\/p>\n","protected":false},"excerpt":{"rendered":"<p>Information juridique Contenu du site Winconcept ne peut en aucun cas \u00eatre tenu responsable de la pertinence, de l\u2019exactitude, de l\u2019int\u00e9grit\u00e9 ou de la qualit\u00e9 du contenu mis en ligne. La responsabilit\u00e9 de Winconcept ne peut \u00eatre engag\u00e9e en cas de dommages mat\u00e9riels ou intellectuels r\u00e9sultant de l\u2019utilisation ou de la non-utilisation des informations contenues [&hellip;]<\/p>\n","protected":false},"author":1,"featured_media":0,"parent":0,"menu_order":2,"comment_status":"closed","ping_status":"closed","template":"","meta":{"_acf_changed":false,"footnotes":""},"categories":[],"class_list":["post-262","page","type-page","status-publish","hentry"],"acf":[],"_links":{"self":[{"href":"https:\/\/www.winconcept.ch\/wp-json\/wp\/v2\/pages\/262","targetHints":{"allow":["GET"]}}],"collection":[{"href":"https:\/\/www.winconcept.ch\/wp-json\/wp\/v2\/pages"}],"about":[{"href":"https:\/\/www.winconcept.ch\/wp-json\/wp\/v2\/types\/page"}],"author":[{"embeddable":true,"href":"https:\/\/www.winconcept.ch\/wp-json\/wp\/v2\/users\/1"}],"replies":[{"embeddable":true,"href":"https:\/\/www.winconcept.ch\/wp-json\/wp\/v2\/comments?post=262"}],"version-history":[{"count":7,"href":"https:\/\/www.winconcept.ch\/wp-json\/wp\/v2\/pages\/262\/revisions"}],"predecessor-version":[{"id":4357,"href":"https:\/\/www.winconcept.ch\/wp-json\/wp\/v2\/pages\/262\/revisions\/4357"}],"wp:attachment":[{"href":"https:\/\/www.winconcept.ch\/wp-json\/wp\/v2\/media?parent=262"}],"wp:term":[{"taxonomy":"category","embeddable":true,"href":"https:\/\/www.winconcept.ch\/wp-json\/wp\/v2\/categories?post=262"}],"curies":[{"name":"wp","href":"https:\/\/api.w.org\/{rel}","templated":true}]}}