{"id":261,"date":"2017-07-07T11:03:27","date_gmt":"2017-07-07T09:03:27","guid":{"rendered":"http:\/\/winconcept.staging.joinbox.com\/mentions-legales\/"},"modified":"2025-01-08T10:43:44","modified_gmt":"2025-01-08T09:43:44","slug":"impressum","status":"publish","type":"page","link":"https:\/\/www.winconcept.ch\/fr\/impressum\/","title":{"rendered":"Impressum"},"content":{"rendered":"<h1>Impressum<\/h1>\n<h2>Contenu \u00e9ditorial et photos<\/h2>\n<p><strong>Winconcept SA<\/strong><br \/>\nCase postale<br \/>\nUntermattweg 8<br \/>\nCH-3001 Berne<\/p>\n<p>T\u00e9l\u00e9phone +41 (0)58 852 82 00<br \/>\nFax +41 (0)58 852 82 10<\/p>\n<p><a href=\"mailto:contact@winconcept.ch\">contact@winconcept.ch<\/a><br \/>\n<a href=\"http:\/\/www.winconcept.ch\/\" target=\"_blank\" rel=\"noopener\">www.winconcept.ch<\/a><\/p>\n<hr \/>\n<h2><strong>Concept et r\u00e9alisation<\/strong><\/h2>\n<p><strong>Helga Digitalagentur SARL<\/strong><br \/>\nBr\u00fcckfeldstrasse 16<br \/>\nCH-3012\u00a0Berne<\/p>\n<p>T\u00e9l\u00e9phone +41 (0)31 528 10 25<\/p>\n<p><a href=\"mailto:hey@helga.ch\">hey@helga.ch<\/a><br \/>\n<a href=\"http:\/\/www.helga.ch\" target=\"_blank\" rel=\"noopener\">www.helga.ch<\/a><\/p>\n","protected":false},"excerpt":{"rendered":"<p>Impressum Contenu \u00e9ditorial et photos Winconcept SA Case postale Untermattweg 8 CH-3001 Berne T\u00e9l\u00e9phone +41 (0)58 852 82 00 Fax +41 (0)58 852 82 10 contact@winconcept.ch www.winconcept.ch Concept et r\u00e9alisation Helga Digitalagentur SARL Br\u00fcckfeldstrasse 16 CH-3012\u00a0Berne T\u00e9l\u00e9phone +41 (0)31 528 10 25 hey@helga.ch www.helga.ch<\/p>\n","protected":false},"author":1,"featured_media":0,"parent":0,"menu_order":3,"comment_status":"closed","ping_status":"closed","template":"","meta":{"_acf_changed":false,"footnotes":""},"categories":[],"class_list":["post-261","page","type-page","status-publish","hentry"],"acf":[],"_links":{"self":[{"href":"https:\/\/www.winconcept.ch\/wp-json\/wp\/v2\/pages\/261","targetHints":{"allow":["GET"]}}],"collection":[{"href":"https:\/\/www.winconcept.ch\/wp-json\/wp\/v2\/pages"}],"about":[{"href":"https:\/\/www.winconcept.ch\/wp-json\/wp\/v2\/types\/page"}],"author":[{"embeddable":true,"href":"https:\/\/www.winconcept.ch\/wp-json\/wp\/v2\/users\/1"}],"replies":[{"embeddable":true,"href":"https:\/\/www.winconcept.ch\/wp-json\/wp\/v2\/comments?post=261"}],"version-history":[{"count":7,"href":"https:\/\/www.winconcept.ch\/wp-json\/wp\/v2\/pages\/261\/revisions"}],"predecessor-version":[{"id":4335,"href":"https:\/\/www.winconcept.ch\/wp-json\/wp\/v2\/pages\/261\/revisions\/4335"}],"wp:attachment":[{"href":"https:\/\/www.winconcept.ch\/wp-json\/wp\/v2\/media?parent=261"}],"wp:term":[{"taxonomy":"category","embeddable":true,"href":"https:\/\/www.winconcept.ch\/wp-json\/wp\/v2\/categories?post=261"}],"curies":[{"name":"wp","href":"https:\/\/api.w.org\/{rel}","templated":true}]}}