{"id":240,"date":"2017-07-07T10:39:02","date_gmt":"2017-07-07T08:39:02","guid":{"rendered":"http:\/\/winconcept.staging.joinbox.com\/prestations\/art-studio\/"},"modified":"2019-10-07T10:17:58","modified_gmt":"2019-10-07T08:17:58","slug":"art-studio","status":"publish","type":"page","link":"https:\/\/www.winconcept.ch\/fr\/prestations\/art-studio\/","title":{"rendered":"ArtStudio"},"content":{"rendered":"<h1>ArtStudio<\/h1>\n<h2>Communiquer avec impact<\/h2>\n<blockquote><p>\u00ab\u00a0Votre identit\u00e9 se doit d&rsquo;\u00eatre attractive et \u00e0 l&rsquo;image de votre entreprise, de ses activit\u00e9s, de son environnement et de son personnel.\u00a0\u00bb<\/p><\/blockquote>\n<p>L&rsquo;ArtStudio Winconcept vous\u00a0offre tous les <strong>services d\u2019une agence de graphisme classique <\/strong>et vous propose\u00a0<strong>une palette compl\u00e8te de prestations et des solutions cr\u00e9atives dans le domaine du graphisme et de l&rsquo;impression.<\/strong><\/p>\n<p>Que ce soit pour la conception\u00a0ou le relookage de votre identit\u00e9, la cr\u00e9ation de cartes de fid\u00e9lit\u00e9, d&rsquo;\u00e9tiquettes produits, de badges, d&rsquo;affiches ou de panneaux de rue, nos services sont personnalis\u00e9s et adapt\u00e9s \u00e0 chaque nouvelle demande.<\/p>\n<p>D\u00e9couvrez le nouveau site web du ArtStudio<br \/>\n\u00e0 l&rsquo;adresse <a href=\"https:\/\/winconcept-artstudio.ch\/\" target=\"_blank\" rel=\"noopener\">winconcept-artstudio.ch<\/a><\/p>\n","protected":false},"excerpt":{"rendered":"<p>L\u2019Art Studio Winconcept vous propose tous les services d\u2019une agence de graphisme classique.<\/p>\n","protected":false},"author":1,"featured_media":1279,"parent":200,"menu_order":8,"comment_status":"closed","ping_status":"closed","template":"","meta":{"_acf_changed":false,"footnotes":""},"categories":[6],"class_list":["post-240","page","type-page","status-publish","has-post-thumbnail","hentry","category-service"],"acf":[],"_links":{"self":[{"href":"https:\/\/www.winconcept.ch\/wp-json\/wp\/v2\/pages\/240","targetHints":{"allow":["GET"]}}],"collection":[{"href":"https:\/\/www.winconcept.ch\/wp-json\/wp\/v2\/pages"}],"about":[{"href":"https:\/\/www.winconcept.ch\/wp-json\/wp\/v2\/types\/page"}],"author":[{"embeddable":true,"href":"https:\/\/www.winconcept.ch\/wp-json\/wp\/v2\/users\/1"}],"replies":[{"embeddable":true,"href":"https:\/\/www.winconcept.ch\/wp-json\/wp\/v2\/comments?post=240"}],"version-history":[{"count":11,"href":"https:\/\/www.winconcept.ch\/wp-json\/wp\/v2\/pages\/240\/revisions"}],"predecessor-version":[{"id":1628,"href":"https:\/\/www.winconcept.ch\/wp-json\/wp\/v2\/pages\/240\/revisions\/1628"}],"up":[{"embeddable":true,"href":"https:\/\/www.winconcept.ch\/wp-json\/wp\/v2\/pages\/200"}],"wp:featuredmedia":[{"embeddable":true,"href":"https:\/\/www.winconcept.ch\/wp-json\/wp\/v2\/media\/1279"}],"wp:attachment":[{"href":"https:\/\/www.winconcept.ch\/wp-json\/wp\/v2\/media?parent=240"}],"wp:term":[{"taxonomy":"category","embeddable":true,"href":"https:\/\/www.winconcept.ch\/wp-json\/wp\/v2\/categories?post=240"}],"curies":[{"name":"wp","href":"https:\/\/api.w.org\/{rel}","templated":true}]}}