{"id":239,"date":"2017-07-07T10:38:40","date_gmt":"2017-07-07T08:38:40","guid":{"rendered":"http:\/\/winconcept.staging.joinbox.com\/prestations\/site-internet\/"},"modified":"2019-04-24T15:10:58","modified_gmt":"2019-04-24T13:10:58","slug":"site-internet","status":"publish","type":"page","link":"https:\/\/www.winconcept.ch\/fr\/prestations\/site-internet\/","title":{"rendered":"Site web"},"content":{"rendered":"<h1>Site web<\/h1>\n<h2>Assurez votre pr\u00e9sence sur Internet et augmentez la visibilit\u00e9 de votre officine.<\/h2>\n<p>Vos informations b\u00e9n\u00e9ficient d\u2019une technologie dernier cri. Que ce soit sur un ordinateur, un smartphone ou une tablette, votre site web aupr\u00e8s de Winconcept s\u2019adapte \u00e0 tous les supports. L\u2019acc\u00e8s \u00e0 l\u2019information par vos clients est ainsi garanti partout et en tout temps !<\/p>\n<p>De plus, gr\u00e2ce \u00e0 une plateforme d\u2019administration intuitive aussi appel\u00e9e CMS (Content Management System), il n\u2019a jamais \u00e9t\u00e9 aussi simple de mettre \u00e0 jour vos contenus.<\/p>\n<h2>Vos avantages en bref :<\/h2>\n<ul>\n<li><strong>Apparence personnalis\u00e9e<\/strong> refl\u00e9tant l\u2019identit\u00e9 visuelle de la pharmacie.<\/li>\n<li><strong>Site web 100% responsive<\/strong>\u00a0S- s\u2019adapte \u00e0 tout type d\u2019\u00e9crans: smartphones, tablettes ou ordinateurs.<\/li>\n<li><strong>R\u00e9f\u00e9rencement optimal<\/strong> gr\u00e2ce \u00e0 un site web optimis\u00e9 pour les moteurs de recherche (SEO).<\/li>\n<li><strong>Mise \u00e0 jour automatique<\/strong> par Winconcept des contenus li\u00e9s aux prestations Feelgood\u2019s* (ex : magazine client, actions mensuelles et campagnes, concours).<\/li>\n<li><strong>Acc\u00e8s s\u00e9curis\u00e9<\/strong> \u00e0 la plateforme d\u2019administration du site web.<\/li>\n<li><strong>Nom de domaine personnel<\/strong>.<\/li>\n<li><strong>H\u00e9bergement<\/strong> du site web inclus dans l\u2019abonnement annuel.<\/li>\n<li><strong>Certificat SSL<\/strong> (cryptage) \u2013 votre site et vos donn\u00e9es sont totalement s\u00e9curis\u00e9s.<\/li>\n<li><strong>Maintenance et mises \u00e0 jour<\/strong> r\u00e9guli\u00e8res de la plateforme d\u2019administration du site.<\/li>\n<li><strong>Offre \u00e0 prix fixe.<\/strong>**<\/li>\n<\/ul>\n<h6>* Valable uniquement pour les partenaires Winconcept<br \/>\n**<a href=\"https:\/\/www.winconcept.ch\/wp-content\/uploads\/2019\/04\/CG-prestation-\u00absite-Web\u00bb-version-1.3.2019.pdf\"> Voir Conditions g\u00e9n\u00e9rales de la prestation<\/a><\/h6>\n<p>&nbsp;<\/p>\n","protected":false},"excerpt":{"rendered":"<p>Assurez votre pr\u00e9sence sur Internet et augmentez la visibilit\u00e9 de votre officine&#8230;<\/p>\n","protected":false},"author":1,"featured_media":1021,"parent":200,"menu_order":9,"comment_status":"closed","ping_status":"closed","template":"","meta":{"_acf_changed":false,"footnotes":""},"categories":[6],"class_list":["post-239","page","type-page","status-publish","has-post-thumbnail","hentry","category-service"],"acf":[],"_links":{"self":[{"href":"https:\/\/www.winconcept.ch\/wp-json\/wp\/v2\/pages\/239","targetHints":{"allow":["GET"]}}],"collection":[{"href":"https:\/\/www.winconcept.ch\/wp-json\/wp\/v2\/pages"}],"about":[{"href":"https:\/\/www.winconcept.ch\/wp-json\/wp\/v2\/types\/page"}],"author":[{"embeddable":true,"href":"https:\/\/www.winconcept.ch\/wp-json\/wp\/v2\/users\/1"}],"replies":[{"embeddable":true,"href":"https:\/\/www.winconcept.ch\/wp-json\/wp\/v2\/comments?post=239"}],"version-history":[{"count":14,"href":"https:\/\/www.winconcept.ch\/wp-json\/wp\/v2\/pages\/239\/revisions"}],"predecessor-version":[{"id":1364,"href":"https:\/\/www.winconcept.ch\/wp-json\/wp\/v2\/pages\/239\/revisions\/1364"}],"up":[{"embeddable":true,"href":"https:\/\/www.winconcept.ch\/wp-json\/wp\/v2\/pages\/200"}],"wp:featuredmedia":[{"embeddable":true,"href":"https:\/\/www.winconcept.ch\/wp-json\/wp\/v2\/media\/1021"}],"wp:attachment":[{"href":"https:\/\/www.winconcept.ch\/wp-json\/wp\/v2\/media?parent=239"}],"wp:term":[{"taxonomy":"category","embeddable":true,"href":"https:\/\/www.winconcept.ch\/wp-json\/wp\/v2\/categories?post=239"}],"curies":[{"name":"wp","href":"https:\/\/api.w.org\/{rel}","templated":true}]}}