{"id":235,"date":"2017-07-07T10:35:39","date_gmt":"2017-07-07T08:35:39","guid":{"rendered":"http:\/\/winconcept.staging.joinbox.com\/prestations\/pharmaquest\/"},"modified":"2018-01-29T13:43:17","modified_gmt":"2018-01-29T12:43:17","slug":"pharmaquest","status":"publish","type":"page","link":"https:\/\/www.winconcept.ch\/fr\/prestations\/pharmaquest\/","title":{"rendered":"PharmaQuest"},"content":{"rendered":"<h1>PharmaQuest<\/h1>\n<h3>Enqu\u00eate de satisfaction de la client\u00e8le<\/h3>\n<p>D\u00e9couvrez les<strong> besoins de votre client\u00e8le<\/strong> et apprenez \u00e0 conna\u00eetre son avis sur le service que vous lui proposez. Pour y parvenir, nous vous proposons d\u2019obtenir de pr\u00e9cieuses informations sur vos clients par le biais d\u2019une <strong>\u00e9tude\u00a0de march\u00e9<\/strong>.<\/p>\n<h3>Cette \u00e9tude vous permettra de :<\/h3>\n<ul>\n<li>Conna\u00eetre le profil d\u00e9taill\u00e9 de vos clients.<\/li>\n<li>Identifier et mesurer les forces et faiblesses de votre pharmacie.<\/li>\n<li>Mieux comprendre leurs besoins, leurs attentes et leurs crit\u00e8res d\u2019achat.<\/li>\n<li>Mettre en \u00e9vidence les diff\u00e9rences entre les clients fid\u00e8les et les autres.<\/li>\n<\/ul>\n","protected":false},"excerpt":{"rendered":"<p>Le march\u00e9 de la sant\u00e9 est en continuel croissance et mutation. Ce qui place les pharmacies devant de constants d\u00e9fis. Il faut \u00eatre en mesure d\u2019identifier les besoins de votre client\u00e8le, d&rsquo;adapter&#8230;<\/p>\n","protected":false},"author":1,"featured_media":777,"parent":200,"menu_order":120,"comment_status":"closed","ping_status":"closed","template":"","meta":{"_acf_changed":false,"footnotes":""},"categories":[6],"class_list":["post-235","page","type-page","status-publish","has-post-thumbnail","hentry","category-service"],"acf":[],"_links":{"self":[{"href":"https:\/\/www.winconcept.ch\/wp-json\/wp\/v2\/pages\/235","targetHints":{"allow":["GET"]}}],"collection":[{"href":"https:\/\/www.winconcept.ch\/wp-json\/wp\/v2\/pages"}],"about":[{"href":"https:\/\/www.winconcept.ch\/wp-json\/wp\/v2\/types\/page"}],"author":[{"embeddable":true,"href":"https:\/\/www.winconcept.ch\/wp-json\/wp\/v2\/users\/1"}],"replies":[{"embeddable":true,"href":"https:\/\/www.winconcept.ch\/wp-json\/wp\/v2\/comments?post=235"}],"version-history":[{"count":6,"href":"https:\/\/www.winconcept.ch\/wp-json\/wp\/v2\/pages\/235\/revisions"}],"predecessor-version":[{"id":921,"href":"https:\/\/www.winconcept.ch\/wp-json\/wp\/v2\/pages\/235\/revisions\/921"}],"up":[{"embeddable":true,"href":"https:\/\/www.winconcept.ch\/wp-json\/wp\/v2\/pages\/200"}],"wp:featuredmedia":[{"embeddable":true,"href":"https:\/\/www.winconcept.ch\/wp-json\/wp\/v2\/media\/777"}],"wp:attachment":[{"href":"https:\/\/www.winconcept.ch\/wp-json\/wp\/v2\/media?parent=235"}],"wp:term":[{"taxonomy":"category","embeddable":true,"href":"https:\/\/www.winconcept.ch\/wp-json\/wp\/v2\/categories?post=235"}],"curies":[{"name":"wp","href":"https:\/\/api.w.org\/{rel}","templated":true}]}}