{"id":234,"date":"2017-07-07T10:35:17","date_gmt":"2017-07-07T08:35:17","guid":{"rendered":"http:\/\/winconcept.staging.joinbox.com\/prestations\/mystery-shopping\/"},"modified":"2018-02-23T17:09:53","modified_gmt":"2018-02-23T16:09:53","slug":"mystery-shopping","status":"publish","type":"page","link":"https:\/\/www.winconcept.ch\/fr\/prestations\/mystery-shopping\/","title":{"rendered":"Mystery Shopping"},"content":{"rendered":"<h1>Mystery Shopping<\/h1>\n<h2>Achats myst\u00e8res dans votre pharmacie<\/h2>\n<blockquote><p>\u00ab Pour y voir clair, il suffit souvent de regarder ailleurs \u00bb<\/p>\n<p>Antoine de Saint-Exup\u00e9ry<\/p><\/blockquote>\n<p>Des <strong>achats-tests honn\u00eates et clairement structur\u00e9s, effectu\u00e9s par des personnes qualifi\u00e9es<\/strong>, permettent de faire le point et de contr\u00f4ler l\u2019efficacit\u00e9 d\u2019un conseil client de qualit\u00e9.<\/p>\n<p>Ce sont des petits riens qui font d\u2019un client occasionnel un client fid\u00e8le \u2013 ou d\u2019un client fid\u00e8le un ex-client. Une \u00e9quipe de sp\u00e9cialistes des ventes hautement qualifi\u00e9s, employ\u00e9s par une agence sp\u00e9cialis\u00e9e dans les achats-tests, \u00e9value votre comportement de vendeur. La vente ax\u00e9e sur le conseil et les connaissances techniques assimil\u00e9es sont-elles appliqu\u00e9es avec succ\u00e8s ? Les mesures mises en \u0153uvre portent-elles leurs fruits? Ces questions, nous pouvons y r\u00e9pondre par des achats-tests r\u00e9guliers.<\/p>\n","protected":false},"excerpt":{"rendered":"<p>Des achats-tests honn\u00eates et clairement structur\u00e9s, effectu\u00e9s par des personnes qualifi\u00e9es, permettent de faire le point et de contr\u00f4ler l\u2019efficacit\u00e9 d\u2019un conseil client de qualit\u00e9.<\/p>\n","protected":false},"author":1,"featured_media":757,"parent":200,"menu_order":6,"comment_status":"closed","ping_status":"closed","template":"","meta":{"_acf_changed":false,"footnotes":""},"categories":[6],"class_list":["post-234","page","type-page","status-publish","has-post-thumbnail","hentry","category-service"],"acf":[],"_links":{"self":[{"href":"https:\/\/www.winconcept.ch\/wp-json\/wp\/v2\/pages\/234","targetHints":{"allow":["GET"]}}],"collection":[{"href":"https:\/\/www.winconcept.ch\/wp-json\/wp\/v2\/pages"}],"about":[{"href":"https:\/\/www.winconcept.ch\/wp-json\/wp\/v2\/types\/page"}],"author":[{"embeddable":true,"href":"https:\/\/www.winconcept.ch\/wp-json\/wp\/v2\/users\/1"}],"replies":[{"embeddable":true,"href":"https:\/\/www.winconcept.ch\/wp-json\/wp\/v2\/comments?post=234"}],"version-history":[{"count":11,"href":"https:\/\/www.winconcept.ch\/wp-json\/wp\/v2\/pages\/234\/revisions"}],"predecessor-version":[{"id":1058,"href":"https:\/\/www.winconcept.ch\/wp-json\/wp\/v2\/pages\/234\/revisions\/1058"}],"up":[{"embeddable":true,"href":"https:\/\/www.winconcept.ch\/wp-json\/wp\/v2\/pages\/200"}],"wp:featuredmedia":[{"embeddable":true,"href":"https:\/\/www.winconcept.ch\/wp-json\/wp\/v2\/media\/757"}],"wp:attachment":[{"href":"https:\/\/www.winconcept.ch\/wp-json\/wp\/v2\/media?parent=234"}],"wp:term":[{"taxonomy":"category","embeddable":true,"href":"https:\/\/www.winconcept.ch\/wp-json\/wp\/v2\/categories?post=234"}],"curies":[{"name":"wp","href":"https:\/\/api.w.org\/{rel}","templated":true}]}}