{"id":233,"date":"2017-07-07T10:34:48","date_gmt":"2017-07-07T08:34:48","guid":{"rendered":"http:\/\/winconcept.staging.joinbox.com\/prestations\/calendrier-feelgoods\/"},"modified":"2018-11-01T14:06:15","modified_gmt":"2018-11-01T13:06:15","slug":"calendrier-feelgoods","status":"publish","type":"page","link":"https:\/\/www.winconcept.ch\/fr\/prestations\/calendrier-feelgoods\/","title":{"rendered":"Calendrier Feelgood\u2019s"},"content":{"rendered":"<h1>Calendrier Feelgood\u2019s<\/h1>\n<h2>Calendrier familial incluant des bons de r\u00e9duction, des gadgets et des concours<\/h2>\n<p>Le tr\u00e8s appr\u00e9ci\u00e9\u00a0<strong>calendrier Feelgood&rsquo;s sur lequel le logo de votre pharmacie est imprim\u00e9<\/strong>, convainc gr\u00e2ce aux avantages suivants:<\/p>\n<ul>\n<li>Fid\u00e9lisation de la client\u00e8le et attention particuli\u00e8re \u00e0 la client\u00e8le existante<\/li>\n<li>Gain de nouveaux clients<\/li>\n<li>Augmentation de la fr\u00e9quence des visites en pharmacie<\/li>\n<li>Renforcement de l&rsquo;image<\/li>\n<\/ul>\n<p>Le calendrier est publi\u00e9 dans trois langues nationales et est imprim\u00e9 en Suisse sous le label www.swissclimate.ch qui garantie une impression neutre en \u00e9nergie.<\/p>\n","protected":false},"excerpt":{"rendered":"<p>Gr\u00e2ce \u00e0 son mode de diffusion adapt\u00e9, notre calendrier Feelgood\u2019s vous aide \u00e0 conqu\u00e9rir de nouveaux clients et \u00e0 entretenir votre client\u00e8le attitr\u00e9e. Le calendrier stimule votre image et la bonne r\u00e9putation de votre officine.<\/p>\n","protected":false},"author":1,"featured_media":1168,"parent":200,"menu_order":3,"comment_status":"closed","ping_status":"closed","template":"","meta":{"_acf_changed":false,"footnotes":""},"categories":[6],"class_list":["post-233","page","type-page","status-publish","has-post-thumbnail","hentry","category-service"],"acf":[],"_links":{"self":[{"href":"https:\/\/www.winconcept.ch\/wp-json\/wp\/v2\/pages\/233","targetHints":{"allow":["GET"]}}],"collection":[{"href":"https:\/\/www.winconcept.ch\/wp-json\/wp\/v2\/pages"}],"about":[{"href":"https:\/\/www.winconcept.ch\/wp-json\/wp\/v2\/types\/page"}],"author":[{"embeddable":true,"href":"https:\/\/www.winconcept.ch\/wp-json\/wp\/v2\/users\/1"}],"replies":[{"embeddable":true,"href":"https:\/\/www.winconcept.ch\/wp-json\/wp\/v2\/comments?post=233"}],"version-history":[{"count":5,"href":"https:\/\/www.winconcept.ch\/wp-json\/wp\/v2\/pages\/233\/revisions"}],"predecessor-version":[{"id":1064,"href":"https:\/\/www.winconcept.ch\/wp-json\/wp\/v2\/pages\/233\/revisions\/1064"}],"up":[{"embeddable":true,"href":"https:\/\/www.winconcept.ch\/wp-json\/wp\/v2\/pages\/200"}],"wp:featuredmedia":[{"embeddable":true,"href":"https:\/\/www.winconcept.ch\/wp-json\/wp\/v2\/media\/1168"}],"wp:attachment":[{"href":"https:\/\/www.winconcept.ch\/wp-json\/wp\/v2\/media?parent=233"}],"wp:term":[{"taxonomy":"category","embeddable":true,"href":"https:\/\/www.winconcept.ch\/wp-json\/wp\/v2\/categories?post=233"}],"curies":[{"name":"wp","href":"https:\/\/api.w.org\/{rel}","templated":true}]}}