{"id":228,"date":"2017-07-07T10:32:07","date_gmt":"2017-07-07T08:32:07","guid":{"rendered":"http:\/\/winconcept.staging.joinbox.com\/prestations\/process-one\/"},"modified":"2024-05-22T09:31:10","modified_gmt":"2024-05-22T07:31:10","slug":"process-one","status":"publish","type":"page","link":"https:\/\/www.winconcept.ch\/fr\/process-one\/","title":{"rendered":"Process-one"},"content":{"rendered":"\n<h1 class=\"wp-block-heading\">Process-one<\/h1>\n\n\n\n<p>Le service <strong>Process-one sera arr\u00eat\u00e9 au 31.12.2024.<\/strong><br>Les r\u00e9siliations des contrats correspondants ont \u00e9t\u00e9 effectu\u00e9es en juin 2023.<\/p>\n\n\n\n<p>Comme alternative, nous recommandons la solution <br><strong>ISO 9001 QMS Pharma<\/strong> d&rsquo;IFAK DATA AG.<\/p>\n\n\n\n<p><strong>Proc\u00e9dure et prochaines \u00e9tapes:<\/strong><\/p>\n\n\n\n<ol class=\"wp-block-list\">\n<li>Pour l&rsquo;utilisation d&rsquo;ISO 9001 QMS Pharma \u00e0 partir de 2025, veuillez remplir le <a rel=\"noreferrer noopener\" href=\"https:\/\/www.winconcept.ch\/wp-content\/uploads\/2023\/07\/ID_Anmeldeformular_process_one_ISO9001_QMS_Pharma_V1_0_F.pdf\" target=\"_blank\">formulaire d&rsquo;inscription<\/a>. <ul> <li><a rel=\"noreferrer noopener\" href=\"https:\/\/www.winconcept.ch\/wp-content\/uploads\/2023\/06\/ID_AVB_Apotheken_ISO_9001_QMS_Pharma_V_4_D.pdf\" target=\"_blank\"><\/a><a rel=\"noreferrer noopener\" href=\"https:\/\/www.winconcept.ch\/wp-content\/uploads\/2023\/06\/ID_AVB_Apotheken_ISO_9001_QMS_Pharma_V_4_F.pdf\" target=\"_blank\">Conditions contractuelles g\u00e9n\u00e9rales (CCG) ISO 9001 ISO Pharma<\/a><\/li> <li>Des questions sur ISO 9001 QMS Pharma ou myQMS? <a href=\"mailto:qms@pharma-info.ch\">qms@pharma-info.ch<\/a><\/li> <li>Informations g\u00e9n\u00e9rales <a rel=\"noreferrer noopener\" href=\"https:\/\/qmspharma.ch\/?lang=fr\" target=\"_blank\">www.qmspharma.ch<\/a> <br><br><\/li><\/ul> <\/li>\n\n\n\n<li>T\u00e9l\u00e9chargement des processus et documents de suivi pertinents tant que Process-one est disponible  (pour d\u00e9tails, voir <a rel=\"noreferrer noopener\" href=\"https:\/\/www.winconcept.ch\/wp-content\/uploads\/2023\/07\/Webinaire_Remplacement_Process_one_FR.pdf\" target=\"_blank\">R\u00e9sum\u00e9 du webinaire du 13.07.2023<\/a>).<ul> <li><a rel=\"noreferrer noopener\" href=\"https:\/\/feelgoods-farmacie.ch\/wp-content\/uploads\/2023\/07\/P1_FR_Liste_des_documents.xlsx\" target=\"_blank\">Liste des documents<\/a> Process-one avec indication du chapitre correspondant dans ISO 9001 QMS Pharma  (Excel suivi).<\/li> <li><a href=\"https:\/\/www.winconcept.ch\/wp-content\/uploads\/2023\/07\/Structure-des-dossiers-ISO-9001-QMS-Pharma.zip\">Structure des dossiers<\/a> pour le classement des documents.<\/li> <li>Questions administratives et g\u00e9n\u00e9rales? <a href=\"mailto:contact@winconcept.ch\">contact@winconcept.ch<\/a><\/li> <li><a rel=\"noreferrer noopener\" href=\"https:\/\/www.process-one.ch\/fr\/service-client\" target=\"_blank\">Service client<\/a> pour assistance technique\/professionelle Process-one.<\/li><\/ul><\/li>\n<\/ol>\n","protected":false},"excerpt":{"rendered":"<p>Le syst\u00e8me d\u2019assurance qualit\u00e9 Process-one est pour tous les pharmaciens suisses une solution efficace, facile \u00e0 utiliser et qui a fait ses preuves, disponible \u00e0 un prix abordable.<\/p>\n","protected":false},"author":1,"featured_media":1036,"parent":0,"menu_order":4,"comment_status":"closed","ping_status":"closed","template":"","meta":{"_acf_changed":false,"footnotes":""},"categories":[],"class_list":["post-228","page","type-page","status-publish","has-post-thumbnail","hentry"],"acf":[],"_links":{"self":[{"href":"https:\/\/www.winconcept.ch\/wp-json\/wp\/v2\/pages\/228","targetHints":{"allow":["GET"]}}],"collection":[{"href":"https:\/\/www.winconcept.ch\/wp-json\/wp\/v2\/pages"}],"about":[{"href":"https:\/\/www.winconcept.ch\/wp-json\/wp\/v2\/types\/page"}],"author":[{"embeddable":true,"href":"https:\/\/www.winconcept.ch\/wp-json\/wp\/v2\/users\/1"}],"replies":[{"embeddable":true,"href":"https:\/\/www.winconcept.ch\/wp-json\/wp\/v2\/comments?post=228"}],"version-history":[{"count":21,"href":"https:\/\/www.winconcept.ch\/wp-json\/wp\/v2\/pages\/228\/revisions"}],"predecessor-version":[{"id":4234,"href":"https:\/\/www.winconcept.ch\/wp-json\/wp\/v2\/pages\/228\/revisions\/4234"}],"wp:featuredmedia":[{"embeddable":true,"href":"https:\/\/www.winconcept.ch\/wp-json\/wp\/v2\/media\/1036"}],"wp:attachment":[{"href":"https:\/\/www.winconcept.ch\/wp-json\/wp\/v2\/media?parent=228"}],"wp:term":[{"taxonomy":"category","embeddable":true,"href":"https:\/\/www.winconcept.ch\/wp-json\/wp\/v2\/categories?post=228"}],"curies":[{"name":"wp","href":"https:\/\/api.w.org\/{rel}","templated":true}]}}