{"id":204,"date":"2017-06-23T12:32:16","date_gmt":"2017-06-23T10:32:16","guid":{"rendered":"http:\/\/winconcept.staging.joinbox.com\/a-propos-de-nous\/"},"modified":"2026-01-09T10:32:22","modified_gmt":"2026-01-09T09:32:22","slug":"a-propos-de-nous","status":"publish","type":"page","link":"https:\/\/www.winconcept.ch\/fr\/a-propos-de-nous\/","title":{"rendered":"A propos de nous"},"content":{"rendered":"\n<h1 class=\"wp-block-heading\">Winconcept<\/h1>\n\n\n\n<h2 class=\"wp-block-heading\"><strong>Nous renfor\u00e7ons l\u2019image de la pharmacie avec son identit\u00e9 dans sa r\u00e9gion<\/strong><\/h2>\n\n\n\n<p>Winconcept est une entreprise de marketing et de communication, qui s&rsquo;occupe de\u00a0Feelgood\u2019s, le plus grand groupement de pharmacies de Suisse. Elle offre une vaste gamme de prestations pour soutenir les pharmacies dans leur travail quotidien. Winconcept est pr\u00e9sente dans toute la Suisse.<\/p>\n\n\n\n<p>La pharmacie du futur doit offrir \u00e0 sa client\u00e8le la meilleure exp\u00e9rience possible. Les consommateurs souhaitent qu\u2019on r\u00e9ponde \u00e0 leurs besoins d\u2019une mani\u00e8re simple et commode. Il s\u2019agit de grouper les diff\u00e9rentes prestations et de les offrir en tant qu\u2019exp\u00e9rience client uniforme et pratique.<\/p>\n\n\n\n<p>Winconcept soutient la pharmacie dans ces objectifs. La soci\u00e9t\u00e9 dispose de concepts et de solutions pour r\u00e9pondre au mieux aux besoins du pharmacien et de sa client\u00e8le. L\u2019individualit\u00e9 de chaque partenaire est au premier plan.<\/p>\n","protected":false},"excerpt":{"rendered":"<p>Winconcept Nous renfor\u00e7ons l\u2019image de la pharmacie avec son identit\u00e9 dans sa r\u00e9gion Winconcept est une entreprise de marketing et de communication, qui s&rsquo;occupe de\u00a0Feelgood\u2019s, le plus grand groupement de pharmacies de Suisse. Elle offre une vaste gamme de prestations pour soutenir les pharmacies dans leur travail quotidien. Winconcept est pr\u00e9sente dans toute la Suisse. [&hellip;]<\/p>\n","protected":false},"author":1,"featured_media":0,"parent":0,"menu_order":4,"comment_status":"closed","ping_status":"closed","template":"","meta":{"_acf_changed":false,"footnotes":""},"categories":[],"class_list":["post-204","page","type-page","status-publish","hentry"],"acf":[],"_links":{"self":[{"href":"https:\/\/www.winconcept.ch\/wp-json\/wp\/v2\/pages\/204","targetHints":{"allow":["GET"]}}],"collection":[{"href":"https:\/\/www.winconcept.ch\/wp-json\/wp\/v2\/pages"}],"about":[{"href":"https:\/\/www.winconcept.ch\/wp-json\/wp\/v2\/types\/page"}],"author":[{"embeddable":true,"href":"https:\/\/www.winconcept.ch\/wp-json\/wp\/v2\/users\/1"}],"replies":[{"embeddable":true,"href":"https:\/\/www.winconcept.ch\/wp-json\/wp\/v2\/comments?post=204"}],"version-history":[{"count":6,"href":"https:\/\/www.winconcept.ch\/wp-json\/wp\/v2\/pages\/204\/revisions"}],"predecessor-version":[{"id":4736,"href":"https:\/\/www.winconcept.ch\/wp-json\/wp\/v2\/pages\/204\/revisions\/4736"}],"wp:attachment":[{"href":"https:\/\/www.winconcept.ch\/wp-json\/wp\/v2\/media?parent=204"}],"wp:term":[{"taxonomy":"category","embeddable":true,"href":"https:\/\/www.winconcept.ch\/wp-json\/wp\/v2\/categories?post=204"}],"curies":[{"name":"wp","href":"https:\/\/api.w.org\/{rel}","templated":true}]}}