{"id":200,"date":"2017-06-23T12:18:23","date_gmt":"2017-06-23T10:18:23","guid":{"rendered":"http:\/\/winconcept.staging.joinbox.com\/prestations\/"},"modified":"2026-01-20T09:29:01","modified_gmt":"2026-01-20T08:29:01","slug":"prestations","status":"publish","type":"page","link":"https:\/\/www.winconcept.ch\/fr\/prestations\/","title":{"rendered":"Prestations"},"content":{"rendered":"\n<h1 class=\"wp-block-heading\">Prestations<\/h1>\n\n\n\n<p>Winconcept offre une vaste gamme de prestations pour vous soutenir dans votre travail quotidien. Les prestations peuvent \u00eatre achet\u00e9es en suppl\u00e9ment, en fonction du paquet choisi.<\/p>\n\n\n\n<div style=\"height:16px\" aria-hidden=\"true\" class=\"wp-block-spacer\"><\/div>\n\n\n\n<div class=\"wp-block-columns is-layout-flex wp-container-core-columns-is-layout-9d6595d7 wp-block-columns-is-layout-flex\">\n<div class=\"wp-block-column is-layout-flow wp-block-column-is-layout-flow\">\n<figure class=\"wp-block-image size-large no-margin kacheln\"><a href=\"https:\/\/www.winconcept.ch\/fr\/prestations-2\/\"><img loading=\"lazy\" decoding=\"async\" width=\"1024\" height=\"1024\" src=\"https:\/\/www.winconcept.ch\/wp-content\/uploads\/2023\/10\/Prestations-1024x1024.png\" alt=\"\" class=\"wp-image-4051\" srcset=\"https:\/\/www.winconcept.ch\/wp-content\/uploads\/2023\/10\/Prestations-1024x1024.png 1024w, https:\/\/www.winconcept.ch\/wp-content\/uploads\/2023\/10\/Prestations-300x300.png 300w, https:\/\/www.winconcept.ch\/wp-content\/uploads\/2023\/10\/Prestations-150x150.png 150w, https:\/\/www.winconcept.ch\/wp-content\/uploads\/2023\/10\/Prestations-768x768.png 768w, https:\/\/www.winconcept.ch\/wp-content\/uploads\/2023\/10\/Prestations.png 1040w\" sizes=\"auto, (max-width: 1024px) 100vw, 1024px\" \/><\/a><\/figure>\n<\/div>\n\n\n\n<div class=\"wp-block-column is-layout-flow wp-block-column-is-layout-flow\">\n<figure class=\"wp-block-image size-large no-margin kacheln\"><a href=\"https:\/\/www.winconcept.ch\/fr\/prestations-exclusives\/\"><img loading=\"lazy\" decoding=\"async\" width=\"1024\" height=\"1024\" src=\"https:\/\/www.winconcept.ch\/wp-content\/uploads\/2021\/09\/Prestations-exclusives-1024x1024.png\" alt=\"\" class=\"wp-image-2972\" srcset=\"https:\/\/www.winconcept.ch\/wp-content\/uploads\/2021\/09\/Prestations-exclusives-1024x1024.png 1024w, https:\/\/www.winconcept.ch\/wp-content\/uploads\/2021\/09\/Prestations-exclusives-300x300.png 300w, https:\/\/www.winconcept.ch\/wp-content\/uploads\/2021\/09\/Prestations-exclusives-150x150.png 150w, https:\/\/www.winconcept.ch\/wp-content\/uploads\/2021\/09\/Prestations-exclusives-768x768.png 768w, https:\/\/www.winconcept.ch\/wp-content\/uploads\/2021\/09\/Prestations-exclusives.png 1040w\" sizes=\"auto, (max-width: 1024px) 100vw, 1024px\" \/><\/a><\/figure>\n<\/div>\n<\/div>\n","protected":false},"excerpt":{"rendered":"<p>Prestations Winconcept offre une vaste gamme de prestations pour vous soutenir dans votre travail quotidien. Les prestations peuvent \u00eatre achet\u00e9es en suppl\u00e9ment, en fonction du paquet choisi.<\/p>\n","protected":false},"author":1,"featured_media":0,"parent":0,"menu_order":6,"comment_status":"closed","ping_status":"closed","template":"page-no-sidebar.php","meta":{"_acf_changed":false,"footnotes":""},"categories":[],"class_list":["post-200","page","type-page","status-publish","hentry"],"acf":[],"_links":{"self":[{"href":"https:\/\/www.winconcept.ch\/wp-json\/wp\/v2\/pages\/200","targetHints":{"allow":["GET"]}}],"collection":[{"href":"https:\/\/www.winconcept.ch\/wp-json\/wp\/v2\/pages"}],"about":[{"href":"https:\/\/www.winconcept.ch\/wp-json\/wp\/v2\/types\/page"}],"author":[{"embeddable":true,"href":"https:\/\/www.winconcept.ch\/wp-json\/wp\/v2\/users\/1"}],"replies":[{"embeddable":true,"href":"https:\/\/www.winconcept.ch\/wp-json\/wp\/v2\/comments?post=200"}],"version-history":[{"count":12,"href":"https:\/\/www.winconcept.ch\/wp-json\/wp\/v2\/pages\/200\/revisions"}],"predecessor-version":[{"id":4796,"href":"https:\/\/www.winconcept.ch\/wp-json\/wp\/v2\/pages\/200\/revisions\/4796"}],"wp:attachment":[{"href":"https:\/\/www.winconcept.ch\/wp-json\/wp\/v2\/media?parent=200"}],"wp:term":[{"taxonomy":"category","embeddable":true,"href":"https:\/\/www.winconcept.ch\/wp-json\/wp\/v2\/categories?post=200"}],"curies":[{"name":"wp","href":"https:\/\/api.w.org\/{rel}","templated":true}]}}