{"id":1105,"date":"2018-07-09T16:34:16","date_gmt":"2018-07-09T14:34:16","guid":{"rendered":"https:\/\/www.winconcept.ch\/partnerschaften\/"},"modified":"2025-12-22T10:08:30","modified_gmt":"2025-12-22T09:08:30","slug":"partenaires-industrie","status":"publish","type":"page","link":"https:\/\/www.winconcept.ch\/fr\/a-propos-de-nous\/partenaires-industrie\/","title":{"rendered":"Partenaires industrie"},"content":{"rendered":"\n<h1 class=\"wp-block-heading\">Partenaires industrie<\/h1>\n\n\n\n<p>Nous vous offrons une visibilit\u00e9 optimale aupr\u00e8s des pharmacies et de leurs clients&nbsp;!<\/p>\n\n\n\n<p>L&rsquo;engagement des partenaires industrie a une grande importance pour Winconcept. Ces partenariats soutiennent les pharmacies Feelgood\u2019s avec des conditions d\u2019achat avantageuses et des offres sp\u00e9ciales.<\/p>\n\n\n\n<p>Le succ\u00e8s n&rsquo;est possible qu&rsquo;ensemble et il repose sur la confiance mutuelle. Nous mettons \u00e0 votre disposition une plateforme compl\u00e8te d&rsquo;activit\u00e9s marketing.<\/p>\n\n\n\n<p>Vous souhaitez devenir partenaire de Winconcept ? Contactez-nous !<\/p>\n\n\n\n<div class=\"wp-block-columns is-layout-flex wp-container-core-columns-is-layout-9d6595d7 wp-block-columns-is-layout-flex\">\n<div class=\"wp-block-column is-layout-flow wp-block-column-is-layout-flow\">\n<figure class=\"wp-block-image size-thumbnail is-resized is-style-rounded\"><img loading=\"lazy\" decoding=\"async\" width=\"150\" height=\"150\" src=\"https:\/\/www.winconcept.ch\/wp-content\/uploads\/2018\/08\/philippe-gonzalez-150x150.jpg\" alt=\"\" class=\"wp-image-4031\" style=\"width:150px;height:150px\" \/><figcaption class=\"wp-element-caption\"><strong>Philippe Gonzalez<\/strong><\/figcaption><\/figure>\n\n\n\n<p>Responsable <br>Industrie &amp; Administration<br><a href=\"mailto:philippe.gonzalez@winconcept.ch\">philppe.gonzalez@winconcept.ch<\/a><\/p>\n<\/div>\n\n\n\n<div class=\"wp-block-column is-layout-flow wp-block-column-is-layout-flow\">\n<figure class=\"wp-block-image size-thumbnail is-style-rounded\"><img loading=\"lazy\" decoding=\"async\" width=\"150\" height=\"150\" src=\"https:\/\/www.winconcept.ch\/wp-content\/uploads\/2018\/01\/celine-cantin-150x150.jpg\" alt=\"dada\" class=\"wp-image-721\" \/><figcaption class=\"wp-element-caption\"><strong>C\u00e9line Cantin<\/strong><\/figcaption><\/figure>\n\n\n\n<p>Sp\u00e9cialiste vente industrie<br><a href=\"mailto:celine.cantin@winconcept.ch\">celine.cantin@winconcept.ch<\/a><\/p>\n<\/div>\n\n\n\n<div class=\"wp-block-column is-layout-flow wp-block-column-is-layout-flow\">\n<figure class=\"wp-block-image size-thumbnail is-style-rounded\"><img loading=\"lazy\" decoding=\"async\" width=\"150\" height=\"150\" src=\"https:\/\/www.winconcept.ch\/wp-content\/uploads\/2023\/05\/tamara-piller-150x150.jpg\" alt=\"\" class=\"wp-image-3680\" \/><figcaption class=\"wp-element-caption\"><strong>Tamara Piller<\/strong><\/figcaption><\/figure>\n\n\n\n<p>Event &amp; Administration Specialist<br><a href=\"mailto:tamara.piller@winconcept.ch\">tamara.piller@winconcept.ch<\/a><\/p>\n<\/div>\n<\/div>\n\n\n\n<p><\/p>\n","protected":false},"excerpt":{"rendered":"<p>Partenaires industrie Nous vous offrons une visibilit\u00e9 optimale aupr\u00e8s des pharmacies et de leurs clients&nbsp;! L&rsquo;engagement des partenaires industrie a une grande importance pour Winconcept. Ces partenariats soutiennent les pharmacies Feelgood\u2019s avec des conditions d\u2019achat avantageuses et des offres sp\u00e9ciales. Le succ\u00e8s n&rsquo;est possible qu&rsquo;ensemble et il repose sur la confiance mutuelle. Nous mettons \u00e0 [&hellip;]<\/p>\n","protected":false},"author":13,"featured_media":0,"parent":204,"menu_order":0,"comment_status":"closed","ping_status":"closed","template":"partners-overview.php","meta":{"_acf_changed":false,"footnotes":""},"categories":[],"class_list":["post-1105","page","type-page","status-publish","hentry"],"acf":[],"_links":{"self":[{"href":"https:\/\/www.winconcept.ch\/wp-json\/wp\/v2\/pages\/1105","targetHints":{"allow":["GET"]}}],"collection":[{"href":"https:\/\/www.winconcept.ch\/wp-json\/wp\/v2\/pages"}],"about":[{"href":"https:\/\/www.winconcept.ch\/wp-json\/wp\/v2\/types\/page"}],"author":[{"embeddable":true,"href":"https:\/\/www.winconcept.ch\/wp-json\/wp\/v2\/users\/13"}],"replies":[{"embeddable":true,"href":"https:\/\/www.winconcept.ch\/wp-json\/wp\/v2\/comments?post=1105"}],"version-history":[{"count":18,"href":"https:\/\/www.winconcept.ch\/wp-json\/wp\/v2\/pages\/1105\/revisions"}],"predecessor-version":[{"id":4608,"href":"https:\/\/www.winconcept.ch\/wp-json\/wp\/v2\/pages\/1105\/revisions\/4608"}],"up":[{"embeddable":true,"href":"https:\/\/www.winconcept.ch\/wp-json\/wp\/v2\/pages\/204"}],"wp:attachment":[{"href":"https:\/\/www.winconcept.ch\/wp-json\/wp\/v2\/media?parent=1105"}],"wp:term":[{"taxonomy":"category","embeddable":true,"href":"https:\/\/www.winconcept.ch\/wp-json\/wp\/v2\/categories?post=1105"}],"curies":[{"name":"wp","href":"https:\/\/api.w.org\/{rel}","templated":true}]}}