{"id":1052,"date":"2018-02-22T16:40:42","date_gmt":"2018-02-22T15:40:42","guid":{"rendered":"http:\/\/winconcept.staging.joinbox.com\/a-propos-de-nous\/newsletter\/desabonne-succes\/"},"modified":"2019-06-19T08:57:20","modified_gmt":"2019-06-19T06:57:20","slug":"desabonne-succes","status":"publish","type":"page","link":"https:\/\/www.winconcept.ch\/fr\/a-propos-de-nous\/desabonne-succes\/","title":{"rendered":"D\u00e9sabonn\u00e9 succ\u00e8s"},"content":{"rendered":"<h1>Vous vous \u00eates d\u00e9sabonn\u00e9 avec succ\u00e8s.<\/h1>\n<p>Vous ne recevrez plus de Newsletter.<br \/>\nMeilleures salutations<br \/>\nVotre\u00a0Winconcept team<\/p>\n","protected":false},"excerpt":{"rendered":"<p>Vous vous \u00eates d\u00e9sabonn\u00e9 avec succ\u00e8s. Vous ne recevrez plus de Newsletter. Meilleures salutations Votre\u00a0Winconcept team<\/p>\n","protected":false},"author":1,"featured_media":0,"parent":204,"menu_order":0,"comment_status":"closed","ping_status":"closed","template":"","meta":{"_acf_changed":false,"footnotes":""},"categories":[],"class_list":["post-1052","page","type-page","status-publish","hentry"],"acf":[],"_links":{"self":[{"href":"https:\/\/www.winconcept.ch\/wp-json\/wp\/v2\/pages\/1052","targetHints":{"allow":["GET"]}}],"collection":[{"href":"https:\/\/www.winconcept.ch\/wp-json\/wp\/v2\/pages"}],"about":[{"href":"https:\/\/www.winconcept.ch\/wp-json\/wp\/v2\/types\/page"}],"author":[{"embeddable":true,"href":"https:\/\/www.winconcept.ch\/wp-json\/wp\/v2\/users\/1"}],"replies":[{"embeddable":true,"href":"https:\/\/www.winconcept.ch\/wp-json\/wp\/v2\/comments?post=1052"}],"version-history":[{"count":1,"href":"https:\/\/www.winconcept.ch\/wp-json\/wp\/v2\/pages\/1052\/revisions"}],"predecessor-version":[{"id":1459,"href":"https:\/\/www.winconcept.ch\/wp-json\/wp\/v2\/pages\/1052\/revisions\/1459"}],"up":[{"embeddable":true,"href":"https:\/\/www.winconcept.ch\/wp-json\/wp\/v2\/pages\/204"}],"wp:attachment":[{"href":"https:\/\/www.winconcept.ch\/wp-json\/wp\/v2\/media?parent=1052"}],"wp:term":[{"taxonomy":"category","embeddable":true,"href":"https:\/\/www.winconcept.ch\/wp-json\/wp\/v2\/categories?post=1052"}],"curies":[{"name":"wp","href":"https:\/\/api.w.org\/{rel}","templated":true}]}}